{"id":2426,"date":"2020-10-27T08:33:50","date_gmt":"2020-12-07T07:47:15","guid":{"rendered":"http:\/\/rayt.com\/?post_type=product&#038;p=2426"},"modified":"2020-12-07T07:47:15","modified_gmt":"2020-12-07T07:47:15","slug":"novopur-losetas-goma","status":"publish","type":"product","link":"https:\/\/rayt.com\/fr\/producto\/novopur-losetas-goma\/","title":{"rendered":"Novopur Losetas goma"},"content":{"rendered":"<p>Adh\u00e9sif \/ mastic monocomposant en cartouche, pour la pose de joints \u00e9lastiques, de caoutchouc (en particulier de carreaux en caoutchouc) et de caoutchouc recycl\u00e9 sur les aire de jeux, dans les cr\u00e8ches, etc. R\u00e9sistant aux intemp\u00e9ries.<\/p>\n","protected":false},"excerpt":{"rendered":"<p>Adh\u00e9sif \/ mastic monocomposant en cartouche, pour la pose de<\/p>\n","protected":false},"featured_media":5587,"comment_status":"open","ping_status":"closed","template":"","meta":{"_acf_changed":false},"product_cat":[545,437],"product_tag":[],"acf":[],"_links":{"self":[{"href":"https:\/\/rayt.com\/fr\/wp-json\/wp\/v2\/product\/2426"}],"collection":[{"href":"https:\/\/rayt.com\/fr\/wp-json\/wp\/v2\/product"}],"about":[{"href":"https:\/\/rayt.com\/fr\/wp-json\/wp\/v2\/types\/product"}],"replies":[{"embeddable":true,"href":"https:\/\/rayt.com\/fr\/wp-json\/wp\/v2\/comments?post=2426"}],"wp:featuredmedia":[{"embeddable":true,"href":"https:\/\/rayt.com\/fr\/wp-json\/wp\/v2\/media\/5587"}],"wp:attachment":[{"href":"https:\/\/rayt.com\/fr\/wp-json\/wp\/v2\/media?parent=2426"}],"wp:term":[{"taxonomy":"product_cat","embeddable":true,"href":"https:\/\/rayt.com\/fr\/wp-json\/wp\/v2\/product_cat?post=2426"},{"taxonomy":"product_tag","embeddable":true,"href":"https:\/\/rayt.com\/fr\/wp-json\/wp\/v2\/product_tag?post=2426"}],"curies":[{"name":"wp","href":"https:\/\/api.w.org\/{rel}","templated":true}]}}