{"id":2435,"date":"2020-12-07T07:53:41","date_gmt":"2020-12-07T08:03:17","guid":{"rendered":"http:\/\/rayt.com\/?post_type=product&#038;p=2435"},"modified":"2021-02-24T11:22:10","modified_gmt":"2021-02-24T11:22:10","slug":"c-79-pu-ab-2","status":"publish","type":"product","link":"https:\/\/rayt.com\/fr\/producto\/c-79-pu-ab-2\/","title":{"rendered":"C-79-PU (A+B)"},"content":{"rendered":"<p>Adh\u00e9sif bi-composants \u00e0 base de polyur\u00e9thane pour la pose de rev\u00eatements de sol en caoutchouc \/ vinyle en rouleaux et en carreaux, sur des chapes absorbantes et non absorbantes, et des carreaux en c\u00e9ramique et en t\u00f4le, correctement pr\u00e9par\u00e9s.<\/p>\n","protected":false},"excerpt":{"rendered":"<p>Adh\u00e9sif bi-composants \u00e0 base de polyur\u00e9thane pour la pose de<\/p>\n","protected":false},"featured_media":5579,"comment_status":"open","ping_status":"closed","template":"","meta":{"_acf_changed":false},"product_cat":[545,437],"product_tag":[],"acf":[],"_links":{"self":[{"href":"https:\/\/rayt.com\/fr\/wp-json\/wp\/v2\/product\/2435"}],"collection":[{"href":"https:\/\/rayt.com\/fr\/wp-json\/wp\/v2\/product"}],"about":[{"href":"https:\/\/rayt.com\/fr\/wp-json\/wp\/v2\/types\/product"}],"replies":[{"embeddable":true,"href":"https:\/\/rayt.com\/fr\/wp-json\/wp\/v2\/comments?post=2435"}],"wp:featuredmedia":[{"embeddable":true,"href":"https:\/\/rayt.com\/fr\/wp-json\/wp\/v2\/media\/5579"}],"wp:attachment":[{"href":"https:\/\/rayt.com\/fr\/wp-json\/wp\/v2\/media?parent=2435"}],"wp:term":[{"taxonomy":"product_cat","embeddable":true,"href":"https:\/\/rayt.com\/fr\/wp-json\/wp\/v2\/product_cat?post=2435"},{"taxonomy":"product_tag","embeddable":true,"href":"https:\/\/rayt.com\/fr\/wp-json\/wp\/v2\/product_tag?post=2435"}],"curies":[{"name":"wp","href":"https:\/\/api.w.org\/{rel}","templated":true}]}}