{"id":2446,"date":"2020-12-07T08:21:52","date_gmt":"2020-12-07T08:29:49","guid":{"rendered":"http:\/\/rayt.com\/?post_type=product&#038;p=2446"},"modified":"2021-03-01T11:15:44","modified_gmt":"2021-03-01T11:15:44","slug":"primacola-c-1703-especial-linoleum","status":"publish","type":"product","link":"https:\/\/rayt.com\/fr\/producto\/primacola-c-1703-especial-linoleum\/","title":{"rendered":"Primacola C-1703 Especial lin\u00f3leum"},"content":{"rendered":"<p>Adh\u00e9sif acrylique \u00e0 base aqueuse \u00e0 appliquer sur une seule face pour la pose en int\u00e9rieur de rev\u00eatements en linol\u00e9um en rouleau, en linol\u00e9um en li\u00e8ge et de rev\u00eatements compos\u00e9s de linol\u00e9um et de chlorure de polyvinyle avec support en li\u00e8ge. Adapt\u00e9 pour sols \u00e9quip\u00e9s de syst\u00e8mes de chauffage \u00e0 eau.<\/p>\n","protected":false},"excerpt":{"rendered":"<p>Adh\u00e9sif acrylique \u00e0 base aqueuse \u00e0 appliquer sur une seule<\/p>\n","protected":false},"featured_media":5687,"comment_status":"open","ping_status":"closed","template":"","meta":{"_acf_changed":false},"product_cat":[548,437],"product_tag":[],"acf":[],"_links":{"self":[{"href":"https:\/\/rayt.com\/fr\/wp-json\/wp\/v2\/product\/2446"}],"collection":[{"href":"https:\/\/rayt.com\/fr\/wp-json\/wp\/v2\/product"}],"about":[{"href":"https:\/\/rayt.com\/fr\/wp-json\/wp\/v2\/types\/product"}],"replies":[{"embeddable":true,"href":"https:\/\/rayt.com\/fr\/wp-json\/wp\/v2\/comments?post=2446"}],"wp:featuredmedia":[{"embeddable":true,"href":"https:\/\/rayt.com\/fr\/wp-json\/wp\/v2\/media\/5687"}],"wp:attachment":[{"href":"https:\/\/rayt.com\/fr\/wp-json\/wp\/v2\/media?parent=2446"}],"wp:term":[{"taxonomy":"product_cat","embeddable":true,"href":"https:\/\/rayt.com\/fr\/wp-json\/wp\/v2\/product_cat?post=2446"},{"taxonomy":"product_tag","embeddable":true,"href":"https:\/\/rayt.com\/fr\/wp-json\/wp\/v2\/product_tag?post=2446"}],"curies":[{"name":"wp","href":"https:\/\/api.w.org\/{rel}","templated":true}]}}