{"id":2468,"date":"2020-12-07T08:52:58","date_gmt":"2020-12-07T09:02:50","guid":{"rendered":"http:\/\/rayt.com\/?post_type=product&#038;p=2468"},"modified":"2021-02-24T10:05:08","modified_gmt":"2021-02-24T10:05:08","slug":"primacola-c-100-premium-2","status":"publish","type":"product","link":"https:\/\/rayt.com\/fr\/producto\/primacola-c-100-premium-2\/","title":{"rendered":"Primacola C-100 Premium"},"content":{"rendered":"<p>Adh\u00e9sif acrylique \u00e0 base aqueuse pour la pose en int\u00e9rieur sur une face de rev\u00eatements en PVC, vinyle et tous types de rev\u00eatements textiles, en caoutchouc et en linol\u00e9um. Adapt\u00e9 pour sols \u00e9quip\u00e9s de syst\u00e8mes de chauffage \u00e0 eau.<\/p>\n","protected":false},"excerpt":{"rendered":"<p>Adh\u00e9sif acrylique \u00e0 base aqueuse pour la pose en int\u00e9rieur<\/p>\n","protected":false},"featured_media":5695,"comment_status":"open","ping_status":"closed","template":"","meta":{"_acf_changed":false},"product_cat":[554,437],"product_tag":[],"acf":[],"_links":{"self":[{"href":"https:\/\/rayt.com\/fr\/wp-json\/wp\/v2\/product\/2468"}],"collection":[{"href":"https:\/\/rayt.com\/fr\/wp-json\/wp\/v2\/product"}],"about":[{"href":"https:\/\/rayt.com\/fr\/wp-json\/wp\/v2\/types\/product"}],"replies":[{"embeddable":true,"href":"https:\/\/rayt.com\/fr\/wp-json\/wp\/v2\/comments?post=2468"}],"wp:featuredmedia":[{"embeddable":true,"href":"https:\/\/rayt.com\/fr\/wp-json\/wp\/v2\/media\/5695"}],"wp:attachment":[{"href":"https:\/\/rayt.com\/fr\/wp-json\/wp\/v2\/media?parent=2468"}],"wp:term":[{"taxonomy":"product_cat","embeddable":true,"href":"https:\/\/rayt.com\/fr\/wp-json\/wp\/v2\/product_cat?post=2468"},{"taxonomy":"product_tag","embeddable":true,"href":"https:\/\/rayt.com\/fr\/wp-json\/wp\/v2\/product_tag?post=2468"}],"curies":[{"name":"wp","href":"https:\/\/api.w.org\/{rel}","templated":true}]}}