{"id":2487,"date":"2020-12-07T09:23:20","date_gmt":"2020-12-07T09:32:49","guid":{"rendered":"http:\/\/rayt.com\/?post_type=product&#038;p=2487"},"modified":"2020-12-07T09:32:50","modified_gmt":"2020-12-07T09:32:50","slug":"primacola-plus-c-15","status":"publish","type":"product","link":"https:\/\/rayt.com\/fr\/producto\/primacola-plus-c-15\/","title":{"rendered":"Primacola Plus C-15"},"content":{"rendered":"<p>Adh\u00e9sif acrylique \u00e0 base aqueuse pour la pose en int\u00e9rieur sur une face de rev\u00eatements en PVC, vinyle, linol\u00e9um, moquettes et tous types de rev\u00eatements textiles avec diff\u00e9rents faces arri\u00e8re. Ne pas utiliser pour un rev\u00eatement en caoutchouc.<\/p>\n","protected":false},"excerpt":{"rendered":"<p>Adh\u00e9sif acrylique \u00e0 base aqueuse pour la pose en int\u00e9rieur<\/p>\n","protected":false},"featured_media":5671,"comment_status":"open","ping_status":"closed","template":"","meta":{"_acf_changed":false},"product_cat":[554,437],"product_tag":[],"acf":[],"_links":{"self":[{"href":"https:\/\/rayt.com\/fr\/wp-json\/wp\/v2\/product\/2487"}],"collection":[{"href":"https:\/\/rayt.com\/fr\/wp-json\/wp\/v2\/product"}],"about":[{"href":"https:\/\/rayt.com\/fr\/wp-json\/wp\/v2\/types\/product"}],"replies":[{"embeddable":true,"href":"https:\/\/rayt.com\/fr\/wp-json\/wp\/v2\/comments?post=2487"}],"wp:featuredmedia":[{"embeddable":true,"href":"https:\/\/rayt.com\/fr\/wp-json\/wp\/v2\/media\/5671"}],"wp:attachment":[{"href":"https:\/\/rayt.com\/fr\/wp-json\/wp\/v2\/media?parent=2487"}],"wp:term":[{"taxonomy":"product_cat","embeddable":true,"href":"https:\/\/rayt.com\/fr\/wp-json\/wp\/v2\/product_cat?post=2487"},{"taxonomy":"product_tag","embeddable":true,"href":"https:\/\/rayt.com\/fr\/wp-json\/wp\/v2\/product_tag?post=2487"}],"curies":[{"name":"wp","href":"https:\/\/api.w.org\/{rel}","templated":true}]}}