{"id":2491,"date":"2020-12-07T09:38:44","date_gmt":"2020-12-07T09:48:04","guid":{"rendered":"http:\/\/rayt.com\/?post_type=product&#038;p=2491"},"modified":"2021-03-01T11:12:53","modified_gmt":"2021-03-01T11:12:53","slug":"primacola-plus-c-10-2","status":"publish","type":"product","link":"https:\/\/rayt.com\/fr\/producto\/primacola-plus-c-10-2\/","title":{"rendered":"Primacola Plus C-10"},"content":{"rendered":"<p>Colle acrylique \u00e0 base aqueuse pour la pose en int\u00e9rieur sur une face ; pour la pose de PVC, vinyle, caoutchouc, linol\u00e9um, moquettes et tous types de rev\u00eatements textiles avec diff\u00e9rents faces arri\u00e8re, ainsi que de rev\u00eatements en caoutchouc et en gomme jusqu\u2019\u00e0 4 mm d\u2019\u00e9paisseur.<\/p>\n","protected":false},"excerpt":{"rendered":"<p>Colle acrylique \u00e0 base aqueuse pour la pose en int\u00e9rieur<\/p>\n","protected":false},"featured_media":5667,"comment_status":"open","ping_status":"closed","template":"","meta":{"_acf_changed":false},"product_cat":[554,437],"product_tag":[],"acf":[],"_links":{"self":[{"href":"https:\/\/rayt.com\/fr\/wp-json\/wp\/v2\/product\/2491"}],"collection":[{"href":"https:\/\/rayt.com\/fr\/wp-json\/wp\/v2\/product"}],"about":[{"href":"https:\/\/rayt.com\/fr\/wp-json\/wp\/v2\/types\/product"}],"replies":[{"embeddable":true,"href":"https:\/\/rayt.com\/fr\/wp-json\/wp\/v2\/comments?post=2491"}],"wp:featuredmedia":[{"embeddable":true,"href":"https:\/\/rayt.com\/fr\/wp-json\/wp\/v2\/media\/5667"}],"wp:attachment":[{"href":"https:\/\/rayt.com\/fr\/wp-json\/wp\/v2\/media?parent=2491"}],"wp:term":[{"taxonomy":"product_cat","embeddable":true,"href":"https:\/\/rayt.com\/fr\/wp-json\/wp\/v2\/product_cat?post=2491"},{"taxonomy":"product_tag","embeddable":true,"href":"https:\/\/rayt.com\/fr\/wp-json\/wp\/v2\/product_tag?post=2491"}],"curies":[{"name":"wp","href":"https:\/\/api.w.org\/{rel}","templated":true}]}}