{"id":2503,"date":"2020-12-07T10:12:06","date_gmt":"2020-12-07T10:21:51","guid":{"rendered":"http:\/\/rayt.com\/?post_type=product&#038;p=2503"},"modified":"2021-02-24T08:45:07","modified_gmt":"2021-02-24T08:45:07","slug":"novopur-parquet-2","status":"publish","type":"product","link":"https:\/\/rayt.com\/fr\/producto\/novopur-parquet-2\/","title":{"rendered":"Novopur Parquet"},"content":{"rendered":"<p>Adh\u00e9sif \u00e9lastique monocomposant pr\u00eat \u00e0 l\u2019emploi pour poser tous les types de parquet massif jusqu\u2019\u00e0 130 mm d\u2019\u00e9paisseur et de parquet contrecoll\u00e9 sur la plupart des sols. Adapt\u00e9 pour sols \u00e9quip\u00e9s de syst\u00e8mes de chauffage \u00e0 eau. Adapt\u00e9 pour parquet stratifi\u00e9.<\/p>\n","protected":false},"excerpt":{"rendered":"<p>Adh\u00e9sif \u00e9lastique monocomposant pr\u00eat \u00e0 l\u2019emploi pour poser tous les<\/p>\n","protected":false},"featured_media":5591,"comment_status":"open","ping_status":"closed","template":"","meta":{"_acf_changed":false},"product_cat":[557,437],"product_tag":[],"acf":[],"_links":{"self":[{"href":"https:\/\/rayt.com\/fr\/wp-json\/wp\/v2\/product\/2503"}],"collection":[{"href":"https:\/\/rayt.com\/fr\/wp-json\/wp\/v2\/product"}],"about":[{"href":"https:\/\/rayt.com\/fr\/wp-json\/wp\/v2\/types\/product"}],"replies":[{"embeddable":true,"href":"https:\/\/rayt.com\/fr\/wp-json\/wp\/v2\/comments?post=2503"}],"wp:featuredmedia":[{"embeddable":true,"href":"https:\/\/rayt.com\/fr\/wp-json\/wp\/v2\/media\/5591"}],"wp:attachment":[{"href":"https:\/\/rayt.com\/fr\/wp-json\/wp\/v2\/media?parent=2503"}],"wp:term":[{"taxonomy":"product_cat","embeddable":true,"href":"https:\/\/rayt.com\/fr\/wp-json\/wp\/v2\/product_cat?post=2503"},{"taxonomy":"product_tag","embeddable":true,"href":"https:\/\/rayt.com\/fr\/wp-json\/wp\/v2\/product_tag?post=2503"}],"curies":[{"name":"wp","href":"https:\/\/api.w.org\/{rel}","templated":true}]}}