{"id":2513,"date":"2020-10-21T09:30:27","date_gmt":"2020-12-07T10:39:40","guid":{"rendered":"http:\/\/rayt.com\/?post_type=product&#038;p=2513"},"modified":"2021-02-24T08:21:46","modified_gmt":"2021-02-24T08:21:46","slug":"novopren-klak","status":"publish","type":"product","link":"https:\/\/rayt.com\/fr\/producto\/novopren-klak\/","title":{"rendered":"Novopren KLAK"},"content":{"rendered":"<p>Adh\u00e9sif monocomposant en cartouche pour la pose de polystyr\u00e8ne expans\u00e9 (EPS) ou de polystyr\u00e8ne extrud\u00e9 (XPS) sur des panneaux, des mat\u00e9riaux isolants de construction, et des corniches d\u00e9coratives, des plinthes sur supports absorbants ou non absorbants.<\/p>\n","protected":false},"excerpt":{"rendered":"<p>Adh\u00e9sif monocomposant en cartouche pour la pose de polystyr\u00e8ne expans\u00e9<\/p>\n","protected":false},"featured_media":2508,"comment_status":"open","ping_status":"closed","template":"","meta":{"_acf_changed":false},"product_cat":[560,437,572],"product_tag":[],"acf":[],"_links":{"self":[{"href":"https:\/\/rayt.com\/fr\/wp-json\/wp\/v2\/product\/2513"}],"collection":[{"href":"https:\/\/rayt.com\/fr\/wp-json\/wp\/v2\/product"}],"about":[{"href":"https:\/\/rayt.com\/fr\/wp-json\/wp\/v2\/types\/product"}],"replies":[{"embeddable":true,"href":"https:\/\/rayt.com\/fr\/wp-json\/wp\/v2\/comments?post=2513"}],"wp:featuredmedia":[{"embeddable":true,"href":"https:\/\/rayt.com\/fr\/wp-json\/wp\/v2\/media\/2508"}],"wp:attachment":[{"href":"https:\/\/rayt.com\/fr\/wp-json\/wp\/v2\/media?parent=2513"}],"wp:term":[{"taxonomy":"product_cat","embeddable":true,"href":"https:\/\/rayt.com\/fr\/wp-json\/wp\/v2\/product_cat?post=2513"},{"taxonomy":"product_tag","embeddable":true,"href":"https:\/\/rayt.com\/fr\/wp-json\/wp\/v2\/product_tag?post=2513"}],"curies":[{"name":"wp","href":"https:\/\/api.w.org\/{rel}","templated":true}]}}