{"id":2524,"date":"2020-10-27T09:20:02","date_gmt":"2020-12-07T10:53:33","guid":{"rendered":"http:\/\/rayt.com\/?post_type=product&#038;p=2524"},"modified":"2021-02-22T11:06:16","modified_gmt":"2021-02-22T11:06:16","slug":"ecotack-poliestireno","status":"publish","type":"product","link":"https:\/\/rayt.com\/fr\/producto\/ecotack-poliestireno\/","title":{"rendered":"Ecotack Poliestireno"},"content":{"rendered":"<p>Adh\u00e9sif de contact \u00e0 base aqueuse pour la pose de plaques de polystyr\u00e8ne expans\u00e9 (EPS) ou de polystyr\u00e8ne extrud\u00e9 (XPS) pour plafonds et murs, et de mousse en polyur\u00e9thane sur des murs correctement pr\u00e9par\u00e9s.<\/p>\n","protected":false},"excerpt":{"rendered":"<p>Adh\u00e9sif de contact \u00e0 base aqueuse pour la pose de<\/p>\n","protected":false},"featured_media":2518,"comment_status":"open","ping_status":"closed","template":"","meta":{"_acf_changed":false},"product_cat":[560,437,572],"product_tag":[],"acf":[],"_links":{"self":[{"href":"https:\/\/rayt.com\/fr\/wp-json\/wp\/v2\/product\/2524"}],"collection":[{"href":"https:\/\/rayt.com\/fr\/wp-json\/wp\/v2\/product"}],"about":[{"href":"https:\/\/rayt.com\/fr\/wp-json\/wp\/v2\/types\/product"}],"replies":[{"embeddable":true,"href":"https:\/\/rayt.com\/fr\/wp-json\/wp\/v2\/comments?post=2524"}],"wp:featuredmedia":[{"embeddable":true,"href":"https:\/\/rayt.com\/fr\/wp-json\/wp\/v2\/media\/2518"}],"wp:attachment":[{"href":"https:\/\/rayt.com\/fr\/wp-json\/wp\/v2\/media?parent=2524"}],"wp:term":[{"taxonomy":"product_cat","embeddable":true,"href":"https:\/\/rayt.com\/fr\/wp-json\/wp\/v2\/product_cat?post=2524"},{"taxonomy":"product_tag","embeddable":true,"href":"https:\/\/rayt.com\/fr\/wp-json\/wp\/v2\/product_tag?post=2524"}],"curies":[{"name":"wp","href":"https:\/\/api.w.org\/{rel}","templated":true}]}}