{"id":2534,"date":"2020-10-21T09:16:11","date_gmt":"2020-12-07T11:07:52","guid":{"rendered":"http:\/\/rayt.com\/?post_type=product&#038;p=2534"},"modified":"2021-02-02T11:51:39","modified_gmt":"2021-02-02T11:51:39","slug":"c-1278-a-uko-2","status":"publish","type":"product","link":"https:\/\/rayt.com\/fr\/producto\/c-1278-a-uko-2\/","title":{"rendered":"C-1278-A UKO"},"content":{"rendered":"<p>Adh\u00e9sif pr\u00eat \u00e0 l\u2019emploi pour la pose de polystyr\u00e8ne expans\u00e9, de panneaux acoustiques et isolants, de carreaux, de plaques de c\u00e9ramique, de petites mosa\u00efques, etc.<br \/>\nL\u2019une des faces \u00e0 coller doit \u00eatre absorbante.<\/p>\n","protected":false},"excerpt":{"rendered":"<p>Adh\u00e9sif pr\u00eat \u00e0 l\u2019emploi pour la pose de polystyr\u00e8ne expans\u00e9,<\/p>\n","protected":false},"featured_media":1477,"comment_status":"open","ping_status":"closed","template":"","meta":{"_acf_changed":false},"product_cat":[560,566,437],"product_tag":[],"acf":[],"_links":{"self":[{"href":"https:\/\/rayt.com\/fr\/wp-json\/wp\/v2\/product\/2534"}],"collection":[{"href":"https:\/\/rayt.com\/fr\/wp-json\/wp\/v2\/product"}],"about":[{"href":"https:\/\/rayt.com\/fr\/wp-json\/wp\/v2\/types\/product"}],"replies":[{"embeddable":true,"href":"https:\/\/rayt.com\/fr\/wp-json\/wp\/v2\/comments?post=2534"}],"wp:featuredmedia":[{"embeddable":true,"href":"https:\/\/rayt.com\/fr\/wp-json\/wp\/v2\/media\/1477"}],"wp:attachment":[{"href":"https:\/\/rayt.com\/fr\/wp-json\/wp\/v2\/media?parent=2534"}],"wp:term":[{"taxonomy":"product_cat","embeddable":true,"href":"https:\/\/rayt.com\/fr\/wp-json\/wp\/v2\/product_cat?post=2534"},{"taxonomy":"product_tag","embeddable":true,"href":"https:\/\/rayt.com\/fr\/wp-json\/wp\/v2\/product_tag?post=2534"}],"curies":[{"name":"wp","href":"https:\/\/api.w.org\/{rel}","templated":true}]}}