{"id":2541,"date":"2020-12-07T11:16:49","date_gmt":"2020-12-07T11:26:29","guid":{"rendered":"http:\/\/rayt.com\/?post_type=product&#038;p=2541"},"modified":"2021-02-24T08:09:12","modified_gmt":"2021-02-24T08:09:12","slug":"novopren-c-721-a-2","status":"publish","type":"product","link":"https:\/\/rayt.com\/fr\/producto\/novopren-c-721-a-2\/","title":{"rendered":"Novopren C-721-A"},"content":{"rendered":"<p>Adh\u00e9sif de contact \u00e0 base de solvant pour la pose de pi\u00e8ces en polystyr\u00e8ne expans\u00e9 (plinthes, plaques de plafond, etc.).<\/p>\n","protected":false},"excerpt":{"rendered":"<p>Adh\u00e9sif de contact \u00e0 base de solvant pour la pose<\/p>\n","protected":false},"featured_media":5526,"comment_status":"open","ping_status":"closed","template":"","meta":{"_acf_changed":false},"product_cat":[560,566,437],"product_tag":[],"acf":[],"_links":{"self":[{"href":"https:\/\/rayt.com\/fr\/wp-json\/wp\/v2\/product\/2541"}],"collection":[{"href":"https:\/\/rayt.com\/fr\/wp-json\/wp\/v2\/product"}],"about":[{"href":"https:\/\/rayt.com\/fr\/wp-json\/wp\/v2\/types\/product"}],"replies":[{"embeddable":true,"href":"https:\/\/rayt.com\/fr\/wp-json\/wp\/v2\/comments?post=2541"}],"wp:featuredmedia":[{"embeddable":true,"href":"https:\/\/rayt.com\/fr\/wp-json\/wp\/v2\/media\/5526"}],"wp:attachment":[{"href":"https:\/\/rayt.com\/fr\/wp-json\/wp\/v2\/media?parent=2541"}],"wp:term":[{"taxonomy":"product_cat","embeddable":true,"href":"https:\/\/rayt.com\/fr\/wp-json\/wp\/v2\/product_cat?post=2541"},{"taxonomy":"product_tag","embeddable":true,"href":"https:\/\/rayt.com\/fr\/wp-json\/wp\/v2\/product_tag?post=2541"}],"curies":[{"name":"wp","href":"https:\/\/api.w.org\/{rel}","templated":true}]}}