{"id":2556,"date":"2020-10-27T09:30:29","date_gmt":"2020-12-07T11:40:57","guid":{"rendered":"http:\/\/rayt.com\/?post_type=product&#038;p=2556"},"modified":"2021-02-22T10:57:31","modified_gmt":"2021-02-22T10:57:31","slug":"ecotack-corcho","status":"publish","type":"product","link":"https:\/\/rayt.com\/fr\/producto\/ecotack-corcho\/","title":{"rendered":"Ecotack Corcho"},"content":{"rendered":"<p>Adh\u00e9sif de contact \u00e0 base aqueuse pour la pose de rev\u00eatements en li\u00e8ge (en carreaux ou en rouleaux) sur des murs correctement pr\u00e9par\u00e9s.<\/p>\n","protected":false},"excerpt":{"rendered":"<p>Adh\u00e9sif de contact \u00e0 base aqueuse pour la pose de<\/p>\n","protected":false},"featured_media":5409,"comment_status":"open","ping_status":"closed","template":"","meta":{"_acf_changed":false},"product_cat":[575,437,571],"product_tag":[],"acf":[],"_links":{"self":[{"href":"https:\/\/rayt.com\/fr\/wp-json\/wp\/v2\/product\/2556"}],"collection":[{"href":"https:\/\/rayt.com\/fr\/wp-json\/wp\/v2\/product"}],"about":[{"href":"https:\/\/rayt.com\/fr\/wp-json\/wp\/v2\/types\/product"}],"replies":[{"embeddable":true,"href":"https:\/\/rayt.com\/fr\/wp-json\/wp\/v2\/comments?post=2556"}],"wp:featuredmedia":[{"embeddable":true,"href":"https:\/\/rayt.com\/fr\/wp-json\/wp\/v2\/media\/5409"}],"wp:attachment":[{"href":"https:\/\/rayt.com\/fr\/wp-json\/wp\/v2\/media?parent=2556"}],"wp:term":[{"taxonomy":"product_cat","embeddable":true,"href":"https:\/\/rayt.com\/fr\/wp-json\/wp\/v2\/product_cat?post=2556"},{"taxonomy":"product_tag","embeddable":true,"href":"https:\/\/rayt.com\/fr\/wp-json\/wp\/v2\/product_tag?post=2556"}],"curies":[{"name":"wp","href":"https:\/\/api.w.org\/{rel}","templated":true}]}}