{"id":2561,"date":"2020-10-07T10:59:13","date_gmt":"2020-12-07T11:56:08","guid":{"rendered":"http:\/\/rayt.com\/?post_type=product&#038;p=2561"},"modified":"2021-02-22T11:03:13","modified_gmt":"2021-02-22T11:03:13","slug":"novopren-especial-corcho-2","status":"publish","type":"product","link":"https:\/\/rayt.com\/fr\/producto\/novopren-especial-corcho-2\/","title":{"rendered":"Novopren Especial Corcho"},"content":{"rendered":"<p>Adh\u00e9sif de contact \u00e0 base de solvant pour rev\u00eatements ou panneaux de li\u00e8ge \u00e0 poser sur le sol ou les murs Peut \u00e9galement \u00eatre utilis\u00e9 avec d\u2019autres mat\u00e9riaux tels que le bois et les textiles. Ne pas utiliser avec du PVC ni du polystyr\u00e8ne expans\u00e9.<\/p>\n","protected":false},"excerpt":{"rendered":"<p>Adh\u00e9sif de contact \u00e0 base de solvant pour rev\u00eatements ou<\/p>\n","protected":false},"featured_media":1576,"comment_status":"open","ping_status":"closed","template":"","meta":{"_acf_changed":false},"product_cat":[575,565,437],"product_tag":[],"acf":[],"_links":{"self":[{"href":"https:\/\/rayt.com\/fr\/wp-json\/wp\/v2\/product\/2561"}],"collection":[{"href":"https:\/\/rayt.com\/fr\/wp-json\/wp\/v2\/product"}],"about":[{"href":"https:\/\/rayt.com\/fr\/wp-json\/wp\/v2\/types\/product"}],"replies":[{"embeddable":true,"href":"https:\/\/rayt.com\/fr\/wp-json\/wp\/v2\/comments?post=2561"}],"wp:featuredmedia":[{"embeddable":true,"href":"https:\/\/rayt.com\/fr\/wp-json\/wp\/v2\/media\/1576"}],"wp:attachment":[{"href":"https:\/\/rayt.com\/fr\/wp-json\/wp\/v2\/media?parent=2561"}],"wp:term":[{"taxonomy":"product_cat","embeddable":true,"href":"https:\/\/rayt.com\/fr\/wp-json\/wp\/v2\/product_cat?post=2561"},{"taxonomy":"product_tag","embeddable":true,"href":"https:\/\/rayt.com\/fr\/wp-json\/wp\/v2\/product_tag?post=2561"}],"curies":[{"name":"wp","href":"https:\/\/api.w.org\/{rel}","templated":true}]}}