{"id":2576,"date":"2020-12-09T07:48:26","date_gmt":"2020-12-09T07:59:15","guid":{"rendered":"http:\/\/rayt.com\/?post_type=product&#038;p=2576"},"modified":"2021-02-25T08:06:34","modified_gmt":"2021-02-25T08:06:34","slug":"novopren-tuberias-pvc-rigido","status":"publish","type":"product","link":"https:\/\/rayt.com\/fr\/producto\/novopren-tuberias-pvc-rigido\/","title":{"rendered":"Novopren Tuber\u00edas PVC r\u00edgido"},"content":{"rendered":"<p>Adh\u00e9sif sp\u00e9cial pour la fixation des unions et raccords de conduites en PVC rigide, \u00e0 la fois celles soumises sous pression et celles d\u2019\u00e9vacuation. Conforme \u00e0 la norme UNE 53174.<\/p>\n","protected":false},"excerpt":{"rendered":"<p>Adh\u00e9sif sp\u00e9cial pour la fixation des unions et raccords de<\/p>\n","protected":false},"featured_media":5567,"comment_status":"open","ping_status":"closed","template":"","meta":{"_acf_changed":false},"product_cat":[578,437],"product_tag":[],"acf":[],"_links":{"self":[{"href":"https:\/\/rayt.com\/fr\/wp-json\/wp\/v2\/product\/2576"}],"collection":[{"href":"https:\/\/rayt.com\/fr\/wp-json\/wp\/v2\/product"}],"about":[{"href":"https:\/\/rayt.com\/fr\/wp-json\/wp\/v2\/types\/product"}],"replies":[{"embeddable":true,"href":"https:\/\/rayt.com\/fr\/wp-json\/wp\/v2\/comments?post=2576"}],"wp:featuredmedia":[{"embeddable":true,"href":"https:\/\/rayt.com\/fr\/wp-json\/wp\/v2\/media\/5567"}],"wp:attachment":[{"href":"https:\/\/rayt.com\/fr\/wp-json\/wp\/v2\/media?parent=2576"}],"wp:term":[{"taxonomy":"product_cat","embeddable":true,"href":"https:\/\/rayt.com\/fr\/wp-json\/wp\/v2\/product_cat?post=2576"},{"taxonomy":"product_tag","embeddable":true,"href":"https:\/\/rayt.com\/fr\/wp-json\/wp\/v2\/product_tag?post=2576"}],"curies":[{"name":"wp","href":"https:\/\/api.w.org\/{rel}","templated":true}]}}