{"id":2585,"date":"2020-12-09T08:25:25","date_gmt":"2020-12-09T08:32:10","guid":{"rendered":"http:\/\/rayt.com\/?post_type=product&#038;p=2585"},"modified":"2021-02-24T09:18:18","modified_gmt":"2021-02-24T09:18:18","slug":"rayt-banda-de-union-autoadhesiva","status":"publish","type":"product","link":"https:\/\/rayt.com\/fr\/producto\/rayt-banda-de-union-autoadhesiva\/","title":{"rendered":"Rayt Banda de uni\u00f3n autoadhesiva"},"content":{"rendered":"<p>Bande d\u2019union textile particuli\u00e8rement recommand\u00e9e pour les joints d\u2019union de pelouse artificielle en rouleaux ne pouvant pas \u00eatre coll\u00e9e au sol, notamment pour la d\u00e9coration de terrasses, balcons et int\u00e9rieurs.<\/p>\n","protected":false},"excerpt":{"rendered":"<p>Bande d\u2019union textile particuli\u00e8rement recommand\u00e9e pour les joints d\u2019union de<\/p>\n","protected":false},"featured_media":5707,"comment_status":"open","ping_status":"closed","template":"","meta":{"_acf_changed":false},"product_cat":[581,437],"product_tag":[],"acf":[],"_links":{"self":[{"href":"https:\/\/rayt.com\/fr\/wp-json\/wp\/v2\/product\/2585"}],"collection":[{"href":"https:\/\/rayt.com\/fr\/wp-json\/wp\/v2\/product"}],"about":[{"href":"https:\/\/rayt.com\/fr\/wp-json\/wp\/v2\/types\/product"}],"replies":[{"embeddable":true,"href":"https:\/\/rayt.com\/fr\/wp-json\/wp\/v2\/comments?post=2585"}],"wp:featuredmedia":[{"embeddable":true,"href":"https:\/\/rayt.com\/fr\/wp-json\/wp\/v2\/media\/5707"}],"wp:attachment":[{"href":"https:\/\/rayt.com\/fr\/wp-json\/wp\/v2\/media?parent=2585"}],"wp:term":[{"taxonomy":"product_cat","embeddable":true,"href":"https:\/\/rayt.com\/fr\/wp-json\/wp\/v2\/product_cat?post=2585"},{"taxonomy":"product_tag","embeddable":true,"href":"https:\/\/rayt.com\/fr\/wp-json\/wp\/v2\/product_tag?post=2585"}],"curies":[{"name":"wp","href":"https:\/\/api.w.org\/{rel}","templated":true}]}}