{"id":2606,"date":"2020-10-21T08:05:11","date_gmt":"2020-12-09T09:32:08","guid":{"rendered":"http:\/\/rayt.com\/?post_type=product&#038;p=2606"},"modified":"2021-03-01T11:16:57","modified_gmt":"2021-03-01T11:16:57","slug":"novopur-cesped-artificial-cartucho","status":"publish","type":"product","link":"https:\/\/rayt.com\/fr\/producto\/novopur-cesped-artificial-cartucho\/","title":{"rendered":"Novopur C\u00e9sped Artificial Cartucho"},"content":{"rendered":"<p>Adh\u00e9sif monocomposant pr\u00eat \u00e0 l\u2019emploi, applicable sur une seule face pour joints \u00e9lastiques et l\u2019encollage de pelouse artificielle et de rev\u00eatements de sol en caoutchouc \u00e0 l\u2019int\u00e9rieur comme \u00e0 l\u2019ext\u00e9rieur. Grande capacit\u00e9 de recouvrement, de colmatage, et antid\u00e9rapant.<\/p>\n","protected":false},"excerpt":{"rendered":"<p>Adh\u00e9sif monocomposant pr\u00eat \u00e0 l\u2019emploi, applicable sur une seule face<\/p>\n","protected":false},"featured_media":1518,"comment_status":"open","ping_status":"closed","template":"","meta":{"_acf_changed":false},"product_cat":[581,437],"product_tag":[],"acf":[],"_links":{"self":[{"href":"https:\/\/rayt.com\/fr\/wp-json\/wp\/v2\/product\/2606"}],"collection":[{"href":"https:\/\/rayt.com\/fr\/wp-json\/wp\/v2\/product"}],"about":[{"href":"https:\/\/rayt.com\/fr\/wp-json\/wp\/v2\/types\/product"}],"replies":[{"embeddable":true,"href":"https:\/\/rayt.com\/fr\/wp-json\/wp\/v2\/comments?post=2606"}],"wp:featuredmedia":[{"embeddable":true,"href":"https:\/\/rayt.com\/fr\/wp-json\/wp\/v2\/media\/1518"}],"wp:attachment":[{"href":"https:\/\/rayt.com\/fr\/wp-json\/wp\/v2\/media?parent=2606"}],"wp:term":[{"taxonomy":"product_cat","embeddable":true,"href":"https:\/\/rayt.com\/fr\/wp-json\/wp\/v2\/product_cat?post=2606"},{"taxonomy":"product_tag","embeddable":true,"href":"https:\/\/rayt.com\/fr\/wp-json\/wp\/v2\/product_tag?post=2606"}],"curies":[{"name":"wp","href":"https:\/\/api.w.org\/{rel}","templated":true}]}}