{"id":2610,"date":"2020-12-09T09:37:44","date_gmt":"2020-12-09T09:46:02","guid":{"rendered":"http:\/\/rayt.com\/?post_type=product&#038;p=2610"},"modified":"2023-04-25T14:42:21","modified_gmt":"2023-04-25T14:42:21","slug":"novopur-cesped-artificial-bicomponente","status":"publish","type":"product","link":"https:\/\/rayt.com\/fr\/producto\/novopur-cesped-artificial-bicomponente\/","title":{"rendered":"Novopur C\u00e9sped Artificial Bicomponente"},"content":{"rendered":"<p>Adh\u00e9sif bi-composants applicable sur une seule face pour la pose de pelouse artificielle et de rev\u00eatements de sol en caoutchouc \u00e0 l\u2019int\u00e9rieur comme \u00e0 l\u2019ext\u00e9rieur. Grande capacit\u00e9 de recouvrement et antid\u00e9rapant.<\/p>\n<p>&nbsp;<\/p>\n<p><strong>Pour une utilisation s\u00fbre des mousses contenant des diisocyanates, nous proposons \u00e0 nos utilisateurs une formation \u00e0 la s\u00e9curit\u00e9, obligatoire pour les utilisateurs professionnels et industriels.<\/strong><\/p>\n<p><a class=\"fasc-button fasc-size-large fasc-type-flat fasc-style-bold\" style=\"background-color: #ff010b; color: #ffffff;\" target=\"_blank\" rel=\"noopener noreferrer\" href=\"https:\/\/isopa-aisbl.idloom.events\/048-fr\">Nous offrons une formation en ligne gratuite, ainsi qu&rsquo;un certificat de fin d&rsquo;\u00e9tudes, avec le code suivant : FEICA_21_N3<\/a><\/p>\n","protected":false},"excerpt":{"rendered":"<p>Adh\u00e9sif bi-composants applicable sur une seule face pour la pose<\/p>\n","protected":false},"featured_media":5361,"comment_status":"open","ping_status":"closed","template":"","meta":{"_acf_changed":false},"product_cat":[581,437],"product_tag":[],"acf":[],"_links":{"self":[{"href":"https:\/\/rayt.com\/fr\/wp-json\/wp\/v2\/product\/2610"}],"collection":[{"href":"https:\/\/rayt.com\/fr\/wp-json\/wp\/v2\/product"}],"about":[{"href":"https:\/\/rayt.com\/fr\/wp-json\/wp\/v2\/types\/product"}],"replies":[{"embeddable":true,"href":"https:\/\/rayt.com\/fr\/wp-json\/wp\/v2\/comments?post=2610"}],"wp:featuredmedia":[{"embeddable":true,"href":"https:\/\/rayt.com\/fr\/wp-json\/wp\/v2\/media\/5361"}],"wp:attachment":[{"href":"https:\/\/rayt.com\/fr\/wp-json\/wp\/v2\/media?parent=2610"}],"wp:term":[{"taxonomy":"product_cat","embeddable":true,"href":"https:\/\/rayt.com\/fr\/wp-json\/wp\/v2\/product_cat?post=2610"},{"taxonomy":"product_tag","embeddable":true,"href":"https:\/\/rayt.com\/fr\/wp-json\/wp\/v2\/product_tag?post=2610"}],"curies":[{"name":"wp","href":"https:\/\/api.w.org\/{rel}","templated":true}]}}