{"id":2616,"date":"2020-12-09T09:51:22","date_gmt":"2020-12-09T10:00:20","guid":{"rendered":"http:\/\/rayt.com\/?post_type=product&#038;p=2616"},"modified":"2021-02-25T09:07:09","modified_gmt":"2021-02-25T09:07:09","slug":"novopren-cesped-c-2299-a-2","status":"publish","type":"product","link":"https:\/\/rayt.com\/fr\/producto\/novopren-cesped-c-2299-a-2\/","title":{"rendered":"Novopren C\u00e9sped C-2299-A"},"content":{"rendered":"<p>Colle de contact pour la pose de pelouse artificielle et de moquettes en int\u00e9rieur et ext\u00e9rieur. Offre une r\u00e9sistance aux intemp\u00e9ries, aux huiles et \u00e0 l\u2019essence sup\u00e9rieure \u00e0 celle des adh\u00e9sifs de contact conventionnels.<\/p>\n","protected":false},"excerpt":{"rendered":"<p>Colle de contact pour la pose de pelouse artificielle et<\/p>\n","protected":false},"featured_media":5530,"comment_status":"open","ping_status":"closed","template":"","meta":{"_acf_changed":false},"product_cat":[581,437],"product_tag":[],"acf":[],"_links":{"self":[{"href":"https:\/\/rayt.com\/fr\/wp-json\/wp\/v2\/product\/2616"}],"collection":[{"href":"https:\/\/rayt.com\/fr\/wp-json\/wp\/v2\/product"}],"about":[{"href":"https:\/\/rayt.com\/fr\/wp-json\/wp\/v2\/types\/product"}],"replies":[{"embeddable":true,"href":"https:\/\/rayt.com\/fr\/wp-json\/wp\/v2\/comments?post=2616"}],"wp:featuredmedia":[{"embeddable":true,"href":"https:\/\/rayt.com\/fr\/wp-json\/wp\/v2\/media\/5530"}],"wp:attachment":[{"href":"https:\/\/rayt.com\/fr\/wp-json\/wp\/v2\/media?parent=2616"}],"wp:term":[{"taxonomy":"product_cat","embeddable":true,"href":"https:\/\/rayt.com\/fr\/wp-json\/wp\/v2\/product_cat?post=2616"},{"taxonomy":"product_tag","embeddable":true,"href":"https:\/\/rayt.com\/fr\/wp-json\/wp\/v2\/product_tag?post=2616"}],"curies":[{"name":"wp","href":"https:\/\/api.w.org\/{rel}","templated":true}]}}