{"id":2635,"date":"2020-10-21T07:35:13","date_gmt":"2020-12-09T10:12:04","guid":{"rendered":"http:\/\/rayt.com\/?post_type=product&#038;p=2635"},"modified":"2021-02-25T08:49:16","modified_gmt":"2021-02-25T08:49:16","slug":"sprint-acelerador-tapaporos","status":"publish","type":"product","link":"https:\/\/rayt.com\/fr\/producto\/sprint-acelerador-tapaporos\/","title":{"rendered":"Sprint Acelerador Tapaporos"},"content":{"rendered":"<p>Spray double fonction : il acc\u00e9l\u00e8re la fixation (en pr\u00e9parant la surface pour l&rsquo;adh\u00e9sif instantan\u00e9 Sprint Cianoacrilato) et il colle les surfaces tr\u00e8s poreuses en cr\u00e9ant un film adh\u00e9sif qui contribue \u00e0 une fixation optimale. De plus, il acc\u00e9l\u00e8re le s\u00e9chage.<\/p>\n","protected":false},"excerpt":{"rendered":"<p>Spray double fonction : il acc\u00e9l\u00e8re la fixation (en pr\u00e9parant<\/p>\n","protected":false},"featured_media":5731,"comment_status":"open","ping_status":"closed","template":"","meta":{"_acf_changed":false},"product_cat":[584,437],"product_tag":[],"acf":[],"_links":{"self":[{"href":"https:\/\/rayt.com\/fr\/wp-json\/wp\/v2\/product\/2635"}],"collection":[{"href":"https:\/\/rayt.com\/fr\/wp-json\/wp\/v2\/product"}],"about":[{"href":"https:\/\/rayt.com\/fr\/wp-json\/wp\/v2\/types\/product"}],"replies":[{"embeddable":true,"href":"https:\/\/rayt.com\/fr\/wp-json\/wp\/v2\/comments?post=2635"}],"wp:featuredmedia":[{"embeddable":true,"href":"https:\/\/rayt.com\/fr\/wp-json\/wp\/v2\/media\/5731"}],"wp:attachment":[{"href":"https:\/\/rayt.com\/fr\/wp-json\/wp\/v2\/media?parent=2635"}],"wp:term":[{"taxonomy":"product_cat","embeddable":true,"href":"https:\/\/rayt.com\/fr\/wp-json\/wp\/v2\/product_cat?post=2635"},{"taxonomy":"product_tag","embeddable":true,"href":"https:\/\/rayt.com\/fr\/wp-json\/wp\/v2\/product_tag?post=2635"}],"curies":[{"name":"wp","href":"https:\/\/api.w.org\/{rel}","templated":true}]}}