{"id":2661,"date":"2020-10-21T07:19:46","date_gmt":"2020-12-09T10:35:59","guid":{"rendered":"http:\/\/rayt.com\/?post_type=product&#038;p=2661"},"modified":"2021-02-25T08:44:51","modified_gmt":"2021-02-25T08:44:51","slug":"sprint-cianoacrilato","status":"publish","type":"product","link":"https:\/\/rayt.com\/fr\/producto\/sprint-cianoacrilato\/","title":{"rendered":"Sprint Cianoacrilato"},"content":{"rendered":"<p>Adh\u00e9sif instantan\u00e9 \u00e0 base de cyanoacrylate con\u00e7u pour des fixations tr\u00e8s r\u00e9sistantes sur le bois, le plastique, le caoutchouc, la c\u00e9ramique et d\u2019autres mat\u00e9riaux poreux, absorbants et non poreux.<\/p>\n","protected":false},"excerpt":{"rendered":"<p>Adh\u00e9sif instantan\u00e9 \u00e0 base de cyanoacrylate con\u00e7u pour des fixations<\/p>\n","protected":false},"featured_media":2657,"comment_status":"open","ping_status":"closed","template":"","meta":{"_acf_changed":false},"product_cat":[584,437],"product_tag":[],"acf":[],"_links":{"self":[{"href":"https:\/\/rayt.com\/fr\/wp-json\/wp\/v2\/product\/2661"}],"collection":[{"href":"https:\/\/rayt.com\/fr\/wp-json\/wp\/v2\/product"}],"about":[{"href":"https:\/\/rayt.com\/fr\/wp-json\/wp\/v2\/types\/product"}],"replies":[{"embeddable":true,"href":"https:\/\/rayt.com\/fr\/wp-json\/wp\/v2\/comments?post=2661"}],"wp:featuredmedia":[{"embeddable":true,"href":"https:\/\/rayt.com\/fr\/wp-json\/wp\/v2\/media\/2657"}],"wp:attachment":[{"href":"https:\/\/rayt.com\/fr\/wp-json\/wp\/v2\/media?parent=2661"}],"wp:term":[{"taxonomy":"product_cat","embeddable":true,"href":"https:\/\/rayt.com\/fr\/wp-json\/wp\/v2\/product_cat?post=2661"},{"taxonomy":"product_tag","embeddable":true,"href":"https:\/\/rayt.com\/fr\/wp-json\/wp\/v2\/product_tag?post=2661"}],"curies":[{"name":"wp","href":"https:\/\/api.w.org\/{rel}","templated":true}]}}