{"id":2669,"date":"2020-10-27T10:10:07","date_gmt":"2020-12-09T10:48:25","guid":{"rendered":"http:\/\/rayt.com\/?post_type=product&#038;p=2669"},"modified":"2021-02-24T08:58:24","modified_gmt":"2021-02-24T08:58:24","slug":"novopren-pegamento-universal-transparente","status":"publish","type":"product","link":"https:\/\/rayt.com\/fr\/producto\/novopren-pegamento-universal-transparente\/","title":{"rendered":"Novopren Pegamento universal transparente"},"content":{"rendered":"<p>Adh\u00e9sif universel pour coller tout type de mat\u00e9riaux comme le papier, le carton, la c\u00e9ramique, le bois et le li\u00e8ge. Appliquer uniquement sur une face. Ne pas laisser s\u2019a\u00e9rer.<\/p>\n","protected":false},"excerpt":{"rendered":"<p>Adh\u00e9sif universel pour coller tout type de mat\u00e9riaux comme le<\/p>\n","protected":false},"featured_media":2665,"comment_status":"open","ping_status":"closed","template":"","meta":{"_acf_changed":false},"product_cat":[587,437],"product_tag":[],"acf":[],"_links":{"self":[{"href":"https:\/\/rayt.com\/fr\/wp-json\/wp\/v2\/product\/2669"}],"collection":[{"href":"https:\/\/rayt.com\/fr\/wp-json\/wp\/v2\/product"}],"about":[{"href":"https:\/\/rayt.com\/fr\/wp-json\/wp\/v2\/types\/product"}],"replies":[{"embeddable":true,"href":"https:\/\/rayt.com\/fr\/wp-json\/wp\/v2\/comments?post=2669"}],"wp:featuredmedia":[{"embeddable":true,"href":"https:\/\/rayt.com\/fr\/wp-json\/wp\/v2\/media\/2665"}],"wp:attachment":[{"href":"https:\/\/rayt.com\/fr\/wp-json\/wp\/v2\/media?parent=2669"}],"wp:term":[{"taxonomy":"product_cat","embeddable":true,"href":"https:\/\/rayt.com\/fr\/wp-json\/wp\/v2\/product_cat?post=2669"},{"taxonomy":"product_tag","embeddable":true,"href":"https:\/\/rayt.com\/fr\/wp-json\/wp\/v2\/product_tag?post=2669"}],"curies":[{"name":"wp","href":"https:\/\/api.w.org\/{rel}","templated":true}]}}