{"id":2677,"date":"2020-10-20T09:05:01","date_gmt":"2020-12-09T11:01:39","guid":{"rendered":"http:\/\/rayt.com\/?post_type=product&#038;p=2677"},"modified":"2021-02-25T08:30:36","modified_gmt":"2021-02-25T08:30:36","slug":"novopren-adhesivo-en-spray-removible","status":"publish","type":"product","link":"https:\/\/rayt.com\/fr\/producto\/novopren-adhesivo-en-spray-removible\/","title":{"rendered":"Novopren Adhesivo en Spray Removible"},"content":{"rendered":"<p>Adh\u00e9sif en spray sp\u00e9cialement formul\u00e9 pour les travaux pratiques et de bricolage exigeant des fixations temporaires, ainsi que dans les domaines de la photographie ou de la tapisserie, entre autres. Permet d\u2019effectuer de modifier la fixation pendant environ 2 heures avant le collage d\u00e9finitif.<\/p>\n","protected":false},"excerpt":{"rendered":"<p>Adh\u00e9sif en spray sp\u00e9cialement formul\u00e9 pour les travaux pratiques et<\/p>\n","protected":false},"featured_media":2674,"comment_status":"open","ping_status":"closed","template":"","meta":{"_acf_changed":false},"product_cat":[590,437],"product_tag":[],"acf":[],"_links":{"self":[{"href":"https:\/\/rayt.com\/fr\/wp-json\/wp\/v2\/product\/2677"}],"collection":[{"href":"https:\/\/rayt.com\/fr\/wp-json\/wp\/v2\/product"}],"about":[{"href":"https:\/\/rayt.com\/fr\/wp-json\/wp\/v2\/types\/product"}],"replies":[{"embeddable":true,"href":"https:\/\/rayt.com\/fr\/wp-json\/wp\/v2\/comments?post=2677"}],"wp:featuredmedia":[{"embeddable":true,"href":"https:\/\/rayt.com\/fr\/wp-json\/wp\/v2\/media\/2674"}],"wp:attachment":[{"href":"https:\/\/rayt.com\/fr\/wp-json\/wp\/v2\/media?parent=2677"}],"wp:term":[{"taxonomy":"product_cat","embeddable":true,"href":"https:\/\/rayt.com\/fr\/wp-json\/wp\/v2\/product_cat?post=2677"},{"taxonomy":"product_tag","embeddable":true,"href":"https:\/\/rayt.com\/fr\/wp-json\/wp\/v2\/product_tag?post=2677"}],"curies":[{"name":"wp","href":"https:\/\/api.w.org\/{rel}","templated":true}]}}