{"id":2691,"date":"2020-12-09T11:26:50","date_gmt":"2020-12-09T11:36:13","guid":{"rendered":"http:\/\/rayt.com\/?post_type=product&#038;p=2691"},"modified":"2021-02-24T10:23:19","modified_gmt":"2021-02-24T10:23:19","slug":"novopren-polivalente-2","status":"publish","type":"product","link":"https:\/\/rayt.com\/fr\/producto\/novopren-polivalente-2\/","title":{"rendered":"Novopren Polivalente"},"content":{"rendered":"<p>Colle de contact de grande qualit\u00e9 servant principalement pour la d\u00e9coration et la construction. Convient pour l\u2019encollage de mat\u00e9riaux stratifi\u00e9s en plastique, du caoutchouc, du li\u00e8ge, du linol\u00e9um, de rev\u00eatements textiles et de rev\u00eatements de sol en PVC.<\/p>\n","protected":false},"excerpt":{"rendered":"<p>Colle de contact de grande qualit\u00e9 servant principalement pour la<\/p>\n","protected":false},"featured_media":5551,"comment_status":"open","ping_status":"closed","template":"","meta":{"_acf_changed":false},"product_cat":[434,437],"product_tag":[],"acf":[],"_links":{"self":[{"href":"https:\/\/rayt.com\/fr\/wp-json\/wp\/v2\/product\/2691"}],"collection":[{"href":"https:\/\/rayt.com\/fr\/wp-json\/wp\/v2\/product"}],"about":[{"href":"https:\/\/rayt.com\/fr\/wp-json\/wp\/v2\/types\/product"}],"replies":[{"embeddable":true,"href":"https:\/\/rayt.com\/fr\/wp-json\/wp\/v2\/comments?post=2691"}],"wp:featuredmedia":[{"embeddable":true,"href":"https:\/\/rayt.com\/fr\/wp-json\/wp\/v2\/media\/5551"}],"wp:attachment":[{"href":"https:\/\/rayt.com\/fr\/wp-json\/wp\/v2\/media?parent=2691"}],"wp:term":[{"taxonomy":"product_cat","embeddable":true,"href":"https:\/\/rayt.com\/fr\/wp-json\/wp\/v2\/product_cat?post=2691"},{"taxonomy":"product_tag","embeddable":true,"href":"https:\/\/rayt.com\/fr\/wp-json\/wp\/v2\/product_tag?post=2691"}],"curies":[{"name":"wp","href":"https:\/\/api.w.org\/{rel}","templated":true}]}}