{"id":2700,"date":"2020-10-27T10:20:50","date_gmt":"2020-12-09T11:48:01","guid":{"rendered":"http:\/\/rayt.com\/?post_type=product&#038;p=2700"},"modified":"2021-02-25T09:10:32","modified_gmt":"2021-02-25T09:10:32","slug":"novopren-en-tubo","status":"publish","type":"product","link":"https:\/\/rayt.com\/fr\/producto\/novopren-en-tubo\/","title":{"rendered":"Novopren en tubo"},"content":{"rendered":"<p>Colle de contact de grande qualit\u00e9 pour coller tous types de mat\u00e9riaux : bois, li\u00e8ge, carton, cuir, caoutchouc, c\u00e9ramique, et pour le bricolage en g\u00e9n\u00e9ral.<\/p>\n","protected":false},"excerpt":{"rendered":"<p>Colle de contact de grande qualit\u00e9 pour coller tous types<\/p>\n","protected":false},"featured_media":2695,"comment_status":"open","ping_status":"closed","template":"","meta":{"_acf_changed":false},"product_cat":[434,437],"product_tag":[],"acf":[],"_links":{"self":[{"href":"https:\/\/rayt.com\/fr\/wp-json\/wp\/v2\/product\/2700"}],"collection":[{"href":"https:\/\/rayt.com\/fr\/wp-json\/wp\/v2\/product"}],"about":[{"href":"https:\/\/rayt.com\/fr\/wp-json\/wp\/v2\/types\/product"}],"replies":[{"embeddable":true,"href":"https:\/\/rayt.com\/fr\/wp-json\/wp\/v2\/comments?post=2700"}],"wp:featuredmedia":[{"embeddable":true,"href":"https:\/\/rayt.com\/fr\/wp-json\/wp\/v2\/media\/2695"}],"wp:attachment":[{"href":"https:\/\/rayt.com\/fr\/wp-json\/wp\/v2\/media?parent=2700"}],"wp:term":[{"taxonomy":"product_cat","embeddable":true,"href":"https:\/\/rayt.com\/fr\/wp-json\/wp\/v2\/product_cat?post=2700"},{"taxonomy":"product_tag","embeddable":true,"href":"https:\/\/rayt.com\/fr\/wp-json\/wp\/v2\/product_tag?post=2700"}],"curies":[{"name":"wp","href":"https:\/\/api.w.org\/{rel}","templated":true}]}}