{"id":2715,"date":"2020-10-28T07:47:21","date_gmt":"2020-12-09T14:15:35","guid":{"rendered":"http:\/\/rayt.com\/?post_type=product&#038;p=2715"},"modified":"2021-02-12T10:11:20","modified_gmt":"2021-02-12T10:11:20","slug":"g-6513","status":"publish","type":"product","link":"https:\/\/rayt.com\/fr\/producto\/g-6513\/","title":{"rendered":"G-6513"},"content":{"rendered":"<div id=\"description_content\" class=\"rte align_justify\">\n<div id=\"description_content\" class=\"rte align_justify\">\n<div id=\"description_content\" class=\"rte align_justify\">\n<p>ADH\u00c9SIF THERMOFUSIBLE EN BLOCS POUR APPLICATIONS SP\u00c9CIALES.<\/p>\n<\/div>\n<div id=\"description_content\" class=\"rte align_justify\">\n<p>Adh\u00e9sif sensible \u00e0 la pression d&rsquo;une grande adh\u00e9rence et tack permanent \u00e0 multitude d&rsquo;applications: Sanitaires, assemblage des plastiques, \u00e9tiquettes autocollantes<\/p>\n<\/div>\n<\/div>\n<\/div>\n<h4>CARACTERISTIQUES<\/h4>\n<p>Encollage de la bande \u00e9lastique \u00e0 PE dans la fabrication de couches.<br \/>\nTemp\u00e9rature d&rsquo;application: 140-170\u00baC.<br \/>\nL\u00e9g\u00e8rement autoadh\u00e9sif.<br \/>\nAppropri\u00e9 pour applicactions multi-ligne.<br \/>\nConforme FDA 175.105 pour contact alimentaire indirect.<\/p>\n","protected":false},"excerpt":{"rendered":"<p>ADH\u00c9SIF THERMOFUSIBLE EN BLOCS POUR APPLICATIONS SP\u00c9CIALES. Adh\u00e9sif sensible \u00e0<\/p>\n","protected":false},"featured_media":2716,"comment_status":"open","ping_status":"closed","template":"","meta":{"_acf_changed":false},"product_cat":[599,632,766,768,759,767,1353,1355,1364,1371,602,626],"product_tag":[],"acf":[],"_links":{"self":[{"href":"https:\/\/rayt.com\/fr\/wp-json\/wp\/v2\/product\/2715"}],"collection":[{"href":"https:\/\/rayt.com\/fr\/wp-json\/wp\/v2\/product"}],"about":[{"href":"https:\/\/rayt.com\/fr\/wp-json\/wp\/v2\/types\/product"}],"replies":[{"embeddable":true,"href":"https:\/\/rayt.com\/fr\/wp-json\/wp\/v2\/comments?post=2715"}],"wp:featuredmedia":[{"embeddable":true,"href":"https:\/\/rayt.com\/fr\/wp-json\/wp\/v2\/media\/2716"}],"wp:attachment":[{"href":"https:\/\/rayt.com\/fr\/wp-json\/wp\/v2\/media?parent=2715"}],"wp:term":[{"taxonomy":"product_cat","embeddable":true,"href":"https:\/\/rayt.com\/fr\/wp-json\/wp\/v2\/product_cat?post=2715"},{"taxonomy":"product_tag","embeddable":true,"href":"https:\/\/rayt.com\/fr\/wp-json\/wp\/v2\/product_tag?post=2715"}],"curies":[{"name":"wp","href":"https:\/\/api.w.org\/{rel}","templated":true}]}}