{"id":2722,"date":"2020-10-28T08:01:18","date_gmt":"2020-12-09T15:04:19","guid":{"rendered":"http:\/\/rayt.com\/?post_type=product&#038;p=2722"},"modified":"2021-02-18T09:04:44","modified_gmt":"2021-02-18T09:04:44","slug":"g-6529","status":"publish","type":"product","link":"https:\/\/rayt.com\/fr\/producto\/g-6529\/","title":{"rendered":"G-6529"},"content":{"rendered":"<div id=\"description_content\" class=\"rte align_justify\">\n<div id=\"description_content\" class=\"rte align_justify\">\n<div id=\"description_content\" class=\"rte align_justify\">\n<p>ADH\u00c9SIF THERMOFUSIBLE EN SACHETS POUR LES \u00c9TUIS, AFFICHAGE ET APPLICATIONS SP\u00c9CIALES.<\/p>\n<\/div>\n<div id=\"description_content\" class=\"rte align_justify\">\n<p>Adh\u00e9sif sensible \u00e0 la pression avec grande adh\u00e9rence et tack permanente pour de nombreuses applications: Sanitaires, assemblage des mati\u00e8res plastiques, \u00e9tiquettes autocollants, etc. Sa faible viscosit\u00e9 permet une utilisation par spiral\u00e9e.<\/p>\n<\/div>\n<\/div>\n<\/div>\n<h4>CARACTERISTIQUES<\/h4>\n<p>Fixer le \u00ab\u00a0fluff\u00a0\u00bb dans les produits de sant\u00e9 et d&rsquo;hygi\u00e8ne.<br \/>\nTemp\u00e9rature d&rsquo;application: 140-180\u00baC.<br \/>\nApplication au pistolet spray.<br \/>\nTr\u00e8s faible viscosit\u00e9.<br \/>\nConforme FDA 175.105 pour contact alimentaire indirect.<\/p>\n","protected":false},"excerpt":{"rendered":"<p>ADH\u00c9SIF THERMOFUSIBLE EN SACHETS POUR LES \u00c9TUIS, AFFICHAGE ET APPLICATIONS<\/p>\n","protected":false},"featured_media":2723,"comment_status":"open","ping_status":"closed","template":"","meta":{"_acf_changed":false},"product_cat":[599,632,759,767,1355,1371,1437,602,832,937,626,771,822],"product_tag":[],"acf":[],"_links":{"self":[{"href":"https:\/\/rayt.com\/fr\/wp-json\/wp\/v2\/product\/2722"}],"collection":[{"href":"https:\/\/rayt.com\/fr\/wp-json\/wp\/v2\/product"}],"about":[{"href":"https:\/\/rayt.com\/fr\/wp-json\/wp\/v2\/types\/product"}],"replies":[{"embeddable":true,"href":"https:\/\/rayt.com\/fr\/wp-json\/wp\/v2\/comments?post=2722"}],"wp:featuredmedia":[{"embeddable":true,"href":"https:\/\/rayt.com\/fr\/wp-json\/wp\/v2\/media\/2723"}],"wp:attachment":[{"href":"https:\/\/rayt.com\/fr\/wp-json\/wp\/v2\/media?parent=2722"}],"wp:term":[{"taxonomy":"product_cat","embeddable":true,"href":"https:\/\/rayt.com\/fr\/wp-json\/wp\/v2\/product_cat?post=2722"},{"taxonomy":"product_tag","embeddable":true,"href":"https:\/\/rayt.com\/fr\/wp-json\/wp\/v2\/product_tag?post=2722"}],"curies":[{"name":"wp","href":"https:\/\/api.w.org\/{rel}","templated":true}]}}