{"id":2736,"date":"2020-11-04T11:17:33","date_gmt":"2020-12-10T08:17:51","guid":{"rendered":"http:\/\/rayt.com\/?post_type=product&#038;p=2736"},"modified":"2021-02-12T08:21:29","modified_gmt":"2021-02-12T08:21:29","slug":"g-6372","status":"publish","type":"product","link":"https:\/\/rayt.com\/fr\/producto\/g-6372\/","title":{"rendered":"G-6372"},"content":{"rendered":"<p>HOT-MELT SP\u00c9CIAL POUR PALETTISER \u00ab\u00a0SANS D\u00c9CHIRAGE\u00a0\u00bb.<br \/>\nAdh\u00e9sif appropri\u00e9 pour la palettisation des cartons et des sacs en papier automatiquement.<br \/>\nPermet l&rsquo;\u00e9limination ult\u00e9rieure ais\u00e9e des emballages sans d\u00e9chirer le papier\/carton.<\/p>\n<h4>CARACTERISTIQUES<\/h4>\n<p>Facile s\u00e9paration ult\u00e9rieure des emballages sans d\u00e9chirer le papier\/carton.<br \/>\nAdh\u00e9sif thermofusible pour palettisation sans \u00ab\u00a0enl\u00e8vement de mat\u00e9riel\u00a0\u00bb.<br \/>\nPermets une d\u00e9palettisation correcte.<br \/>\nTemp\u00e9rature d&rsquo;application: 120-150\u00baC.<\/p>\n","protected":false},"excerpt":{"rendered":"<p>HOT-MELT SP\u00c9CIAL POUR PALETTISER \u00ab\u00a0SANS D\u00c9CHIRAGE\u00a0\u00bb. Adh\u00e9sif appropri\u00e9 pour la<\/p>\n","protected":false},"featured_media":2737,"comment_status":"open","ping_status":"closed","template":"","meta":{"_acf_changed":false},"product_cat":[747,985,1691,602,984],"product_tag":[],"acf":[],"_links":{"self":[{"href":"https:\/\/rayt.com\/fr\/wp-json\/wp\/v2\/product\/2736"}],"collection":[{"href":"https:\/\/rayt.com\/fr\/wp-json\/wp\/v2\/product"}],"about":[{"href":"https:\/\/rayt.com\/fr\/wp-json\/wp\/v2\/types\/product"}],"replies":[{"embeddable":true,"href":"https:\/\/rayt.com\/fr\/wp-json\/wp\/v2\/comments?post=2736"}],"wp:featuredmedia":[{"embeddable":true,"href":"https:\/\/rayt.com\/fr\/wp-json\/wp\/v2\/media\/2737"}],"wp:attachment":[{"href":"https:\/\/rayt.com\/fr\/wp-json\/wp\/v2\/media?parent=2736"}],"wp:term":[{"taxonomy":"product_cat","embeddable":true,"href":"https:\/\/rayt.com\/fr\/wp-json\/wp\/v2\/product_cat?post=2736"},{"taxonomy":"product_tag","embeddable":true,"href":"https:\/\/rayt.com\/fr\/wp-json\/wp\/v2\/product_tag?post=2736"}],"curies":[{"name":"wp","href":"https:\/\/api.w.org\/{rel}","templated":true}]}}