{"id":2740,"date":"2020-11-03T09:28:19","date_gmt":"2020-12-10T08:35:20","guid":{"rendered":"http:\/\/rayt.com\/?post_type=product&#038;p=2740"},"modified":"2021-02-22T07:43:38","modified_gmt":"2021-02-22T07:43:38","slug":"g-6373","status":"publish","type":"product","link":"https:\/\/rayt.com\/fr\/producto\/g-6373\/","title":{"rendered":"G-6373"},"content":{"rendered":"<p>AUTOADH\u00c9SIF THERMOFUSIBLE EN BLOCS POUR LA PALETTISATION DE CAISSES ET SACS.<br \/>\nAdh\u00e9sif thermofusible appropri\u00e9 pour la palettisation de caisses et sacs automatiquement.<\/p>\n<h4>CARACTERISTIQUES<\/h4>\n<p>Permet une bonne adh\u00e9rence de l&#8217;emballage, en maintenant la palette compacte et permettant une d\u00e9palettisation correcte.<br \/>\nAdh\u00e9sif thermofusible hot-melt pour la palettisation de bo\u00eetes \u00e0 carton et sacs en papier.<br \/>\nConforme FDA 175.105 pour contact alimentaire indirect.<br \/>\nTemp\u00e9rature d&rsquo;application: 130-170\u00baC.<\/p>\n","protected":false},"excerpt":{"rendered":"<p>AUTOADH\u00c9SIF THERMOFUSIBLE EN BLOCS POUR LA PALETTISATION DE CAISSES ET<\/p>\n","protected":false},"featured_media":2723,"comment_status":"open","ping_status":"closed","template":"","meta":{"_acf_changed":false},"product_cat":[963,969,747,985,960,1004,972,1689,1691,1695,1752,1768,602,984,1007],"product_tag":[],"acf":[],"_links":{"self":[{"href":"https:\/\/rayt.com\/fr\/wp-json\/wp\/v2\/product\/2740"}],"collection":[{"href":"https:\/\/rayt.com\/fr\/wp-json\/wp\/v2\/product"}],"about":[{"href":"https:\/\/rayt.com\/fr\/wp-json\/wp\/v2\/types\/product"}],"replies":[{"embeddable":true,"href":"https:\/\/rayt.com\/fr\/wp-json\/wp\/v2\/comments?post=2740"}],"wp:featuredmedia":[{"embeddable":true,"href":"https:\/\/rayt.com\/fr\/wp-json\/wp\/v2\/media\/2723"}],"wp:attachment":[{"href":"https:\/\/rayt.com\/fr\/wp-json\/wp\/v2\/media?parent=2740"}],"wp:term":[{"taxonomy":"product_cat","embeddable":true,"href":"https:\/\/rayt.com\/fr\/wp-json\/wp\/v2\/product_cat?post=2740"},{"taxonomy":"product_tag","embeddable":true,"href":"https:\/\/rayt.com\/fr\/wp-json\/wp\/v2\/product_tag?post=2740"}],"curies":[{"name":"wp","href":"https:\/\/api.w.org\/{rel}","templated":true}]}}