{"id":2745,"date":"2020-11-03T12:02:12","date_gmt":"2020-12-10T08:58:00","guid":{"rendered":"http:\/\/rayt.com\/?post_type=product&#038;p=2745"},"modified":"2021-02-19T15:12:25","modified_gmt":"2021-02-19T15:12:25","slug":"g-6434-pillow","status":"publish","type":"product","link":"https:\/\/rayt.com\/fr\/producto\/g-6434-pillow\/","title":{"rendered":"G-6434-PILLOW"},"content":{"rendered":"<p>ADH\u00c9SIF THERMOFUSIBLE EN SACHETS POUR LES \u00c9TUIS, AFFICHAGE ET APPLICATIONS SP\u00c9CIALES.<br \/>\nAdh\u00e9sif thermofusible pour coller mati\u00e8res avec un certain type de couverture (paraffine, PE, vernis, etc.) dans la fabrication d&rsquo;\u00e9crans d&rsquo;affichage, PLV, affiches, etc.<\/p>\n<h4>CARACTERISTIQUES<\/h4>\n<p>Appropri\u00e9s pour les adh\u00e9sions des mat\u00e9riaux avec quelque type de rev\u00eatement (paraffine, PE, vernis, etc).<br \/>\nFermeture et formation d&rsquo;\u00e9tius \u00e0 carton.<br \/>\nTemp\u00e9rature d&rsquo;application: 160-180\u00baC.<br \/>\nTemps ouvert tr\u00e8s long.<br \/>\nConforme FDA 175.105 pour contact alimentaire indirect.<\/p>\n","protected":false},"excerpt":{"rendered":"<p>ADH\u00c9SIF THERMOFUSIBLE EN SACHETS POUR LES \u00c9TUIS, AFFICHAGE ET APPLICATIONS<\/p>\n","protected":false},"featured_media":2746,"comment_status":"open","ping_status":"closed","template":"","meta":{"_acf_changed":false},"product_cat":[599,1013,1091,978,981,623,747,995,996,680,656,677,994,1085,683,659,1794,1755,1738,1694,1785,1693,1685,1598,1365,1301,1287,602,975,1010,620,653],"product_tag":[],"acf":[],"_links":{"self":[{"href":"https:\/\/rayt.com\/fr\/wp-json\/wp\/v2\/product\/2745"}],"collection":[{"href":"https:\/\/rayt.com\/fr\/wp-json\/wp\/v2\/product"}],"about":[{"href":"https:\/\/rayt.com\/fr\/wp-json\/wp\/v2\/types\/product"}],"replies":[{"embeddable":true,"href":"https:\/\/rayt.com\/fr\/wp-json\/wp\/v2\/comments?post=2745"}],"wp:featuredmedia":[{"embeddable":true,"href":"https:\/\/rayt.com\/fr\/wp-json\/wp\/v2\/media\/2746"}],"wp:attachment":[{"href":"https:\/\/rayt.com\/fr\/wp-json\/wp\/v2\/media?parent=2745"}],"wp:term":[{"taxonomy":"product_cat","embeddable":true,"href":"https:\/\/rayt.com\/fr\/wp-json\/wp\/v2\/product_cat?post=2745"},{"taxonomy":"product_tag","embeddable":true,"href":"https:\/\/rayt.com\/fr\/wp-json\/wp\/v2\/product_tag?post=2745"}],"curies":[{"name":"wp","href":"https:\/\/api.w.org\/{rel}","templated":true}]}}