{"id":2751,"date":"2020-11-04T08:14:02","date_gmt":"2020-12-10T09:09:33","guid":{"rendered":"http:\/\/rayt.com\/?post_type=product&#038;p=2751"},"modified":"2021-02-19T16:11:05","modified_gmt":"2021-02-19T16:11:05","slug":"barras-hm-rb-1100-transp","status":"publish","type":"product","link":"https:\/\/rayt.com\/fr\/producto\/barras-hm-rb-1100-transp\/","title":{"rendered":"BARRAS HM RB-1100 TRANSP"},"content":{"rendered":"<p>ADH\u00c9SIF THERMOFUSIBLE EN B\u00c2TONNETS 11-12 mm.<br \/>\nUSAGE G\u00c9NERAL.<br \/>\nTransparent.<br \/>\nB\u00e2tonnets transparents pour le bricolage, la d\u00e9coration, le montage, fermeture de bo\u00eetes et caisse en carton ou d&rsquo;autres applications o\u00f9 la liaison instantan\u00e9e est n\u00e9cessaire.<br \/>\nUtilisez \u00e0 chaud \u00e0 travers de pistolet avec un diam\u00e8tre sp\u00e9cial 12 mm.<\/p>\n<h4>CARACTERISTIQUES<\/h4>\n<p>Adh\u00e9sif thermofusible appropri\u00e9 pour le collage de mat\u00e9riaux poreux tels que le papier, bois, carton, etc.<br \/>\nTemp\u00e9rature d&rsquo;application: 180 &#8211; 200 \u00b0 C par pistolet manuel.<br \/>\nDiam\u00e8tre: 11,6 mm<br \/>\nLongueur: 184 mm<br \/>\nTransparente.<br \/>\nConforme FDA 175.105 pour contact alimentaire indirect.<\/p>\n","protected":false},"excerpt":{"rendered":"<p>ADH\u00c9SIF THERMOFUSIBLE EN B\u00c2TONNETS 11-12 mm. USAGE G\u00c9NERAL. Transparent. B\u00e2tonnets<\/p>\n","protected":false},"featured_media":2752,"comment_status":"open","ping_status":"closed","template":"","meta":{"_acf_changed":false},"product_cat":[599,1790,1704,1703,1584,1280,1013,978,981,623,747,995,656,994,1085,659,1778,602,975,1010,620,653],"product_tag":[],"acf":[],"_links":{"self":[{"href":"https:\/\/rayt.com\/fr\/wp-json\/wp\/v2\/product\/2751"}],"collection":[{"href":"https:\/\/rayt.com\/fr\/wp-json\/wp\/v2\/product"}],"about":[{"href":"https:\/\/rayt.com\/fr\/wp-json\/wp\/v2\/types\/product"}],"replies":[{"embeddable":true,"href":"https:\/\/rayt.com\/fr\/wp-json\/wp\/v2\/comments?post=2751"}],"wp:featuredmedia":[{"embeddable":true,"href":"https:\/\/rayt.com\/fr\/wp-json\/wp\/v2\/media\/2752"}],"wp:attachment":[{"href":"https:\/\/rayt.com\/fr\/wp-json\/wp\/v2\/media?parent=2751"}],"wp:term":[{"taxonomy":"product_cat","embeddable":true,"href":"https:\/\/rayt.com\/fr\/wp-json\/wp\/v2\/product_cat?post=2751"},{"taxonomy":"product_tag","embeddable":true,"href":"https:\/\/rayt.com\/fr\/wp-json\/wp\/v2\/product_tag?post=2751"}],"curies":[{"name":"wp","href":"https:\/\/api.w.org\/{rel}","templated":true}]}}