{"id":2755,"date":"2020-11-04T08:15:04","date_gmt":"2020-12-10T09:18:16","guid":{"rendered":"http:\/\/rayt.com\/?post_type=product&#038;p=2755"},"modified":"2021-02-19T16:12:30","modified_gmt":"2021-02-19T16:12:30","slug":"barras-hm-rb-900-blancas","status":"publish","type":"product","link":"https:\/\/rayt.com\/fr\/producto\/barras-hm-rb-900-blancas\/","title":{"rendered":"BARRAS HM RB-900 BLANCAS"},"content":{"rendered":"<p>ADH\u00c9SIF THERMOFUSIBLE EN B\u00c2TONNETS 11-12 mm. USAGE G\u00c9NERAL. Couleur blanche.<br \/>\nB\u00e2tonnets couleur blanche pour le bricolage, la d\u00e9coration, le montage, fermeture de bo\u00eetes et caisses en carton ou d&rsquo;autres applications o\u00f9 la liaison instantan\u00e9e est n\u00e9cessaire. Utilisez \u00e0 chaud \u00e0 travers de pistolet avec un diam\u00e8tre sp\u00e9cial 12 mm.<\/p>\n<h4>CARACTERISTIQUES<\/h4>\n<p>Adh\u00e9sif thermofusible appropri\u00e9 pour l&rsquo;encollage de mat\u00e9riaux poreux tels que le papier, le bois, le carton, etc.<br \/>\nTemp\u00e9rature d&rsquo;application: 180-200\u00baC par pistolet manuel.<br \/>\nDiam\u00e8tre: 11,6 mm<br \/>\nLongueur: 184 mm<br \/>\nCouleur blanche.<br \/>\nConforme FDA 175.105 pour contact alimentaire indirect.<\/p>\n","protected":false},"excerpt":{"rendered":"<p>ADH\u00c9SIF THERMOFUSIBLE EN B\u00c2TONNETS 11-12 mm. USAGE G\u00c9NERAL. Couleur blanche.<\/p>\n","protected":false},"featured_media":2752,"comment_status":"open","ping_status":"closed","template":"","meta":{"_acf_changed":false},"product_cat":[599,1790,1280,1346,1584,1703,1704,1013,978,981,1740,966,623,747,960,995,656,994,1085,659,1778,602,975,1010,620,653],"product_tag":[],"acf":[],"_links":{"self":[{"href":"https:\/\/rayt.com\/fr\/wp-json\/wp\/v2\/product\/2755"}],"collection":[{"href":"https:\/\/rayt.com\/fr\/wp-json\/wp\/v2\/product"}],"about":[{"href":"https:\/\/rayt.com\/fr\/wp-json\/wp\/v2\/types\/product"}],"replies":[{"embeddable":true,"href":"https:\/\/rayt.com\/fr\/wp-json\/wp\/v2\/comments?post=2755"}],"wp:featuredmedia":[{"embeddable":true,"href":"https:\/\/rayt.com\/fr\/wp-json\/wp\/v2\/media\/2752"}],"wp:attachment":[{"href":"https:\/\/rayt.com\/fr\/wp-json\/wp\/v2\/media?parent=2755"}],"wp:term":[{"taxonomy":"product_cat","embeddable":true,"href":"https:\/\/rayt.com\/fr\/wp-json\/wp\/v2\/product_cat?post=2755"},{"taxonomy":"product_tag","embeddable":true,"href":"https:\/\/rayt.com\/fr\/wp-json\/wp\/v2\/product_tag?post=2755"}],"curies":[{"name":"wp","href":"https:\/\/api.w.org\/{rel}","templated":true}]}}