{"id":2778,"date":"2020-12-10T09:32:57","date_gmt":"2020-12-10T09:43:32","guid":{"rendered":"http:\/\/rayt.com\/?post_type=product&#038;p=2778"},"modified":"2021-02-24T10:01:35","modified_gmt":"2021-02-24T10:01:35","slug":"novopren-super-2","status":"publish","type":"product","link":"https:\/\/rayt.com\/fr\/producto\/novopren-super-2\/","title":{"rendered":"Novopren S\u00faper"},"content":{"rendered":"<p>Colle de contact de grande qualit\u00e9 pour les travaux de menuiserie et d\u2019\u00e9b\u00e9nisterie, la pose de rev\u00eatements l\u00e9gers de sol tels que du caoutchouc ou du li\u00e8ge, des moquettes, des mat\u00e9riaux isolants, et pour le bricolage en g\u00e9n\u00e9ral.<\/p>\n","protected":false},"excerpt":{"rendered":"<p>Colle de contact de grande qualit\u00e9 pour les travaux de<\/p>\n","protected":false},"featured_media":5559,"comment_status":"open","ping_status":"closed","template":"","meta":{"_acf_changed":false},"product_cat":[434,437],"product_tag":[],"acf":[],"_links":{"self":[{"href":"https:\/\/rayt.com\/fr\/wp-json\/wp\/v2\/product\/2778"}],"collection":[{"href":"https:\/\/rayt.com\/fr\/wp-json\/wp\/v2\/product"}],"about":[{"href":"https:\/\/rayt.com\/fr\/wp-json\/wp\/v2\/types\/product"}],"replies":[{"embeddable":true,"href":"https:\/\/rayt.com\/fr\/wp-json\/wp\/v2\/comments?post=2778"}],"wp:featuredmedia":[{"embeddable":true,"href":"https:\/\/rayt.com\/fr\/wp-json\/wp\/v2\/media\/5559"}],"wp:attachment":[{"href":"https:\/\/rayt.com\/fr\/wp-json\/wp\/v2\/media?parent=2778"}],"wp:term":[{"taxonomy":"product_cat","embeddable":true,"href":"https:\/\/rayt.com\/fr\/wp-json\/wp\/v2\/product_cat?post=2778"},{"taxonomy":"product_tag","embeddable":true,"href":"https:\/\/rayt.com\/fr\/wp-json\/wp\/v2\/product_tag?post=2778"}],"curies":[{"name":"wp","href":"https:\/\/api.w.org\/{rel}","templated":true}]}}