{"id":2793,"date":"2020-12-04T11:14:21","date_gmt":"2020-12-10T10:21:01","guid":{"rendered":"http:\/\/rayt.com\/?post_type=product&#038;p=2793"},"modified":"2021-03-01T11:13:04","modified_gmt":"2021-03-01T11:13:04","slug":"cola-blanca-exterior","status":"publish","type":"product","link":"https:\/\/rayt.com\/fr\/producto\/cola-blanca-exterior\/","title":{"rendered":"Cola Blanca Exterior"},"content":{"rendered":"<p>Adh\u00e9sif adapt\u00e9 pour l\u2019encollage de mat\u00e9riaux exigeant une grande r\u00e9sistance \u00e0 l\u2019humidit\u00e9, de cat\u00e9gorie D3 conform\u00e9ment \u00e0 la norme EN204\/EN205.<br \/>\nConvient au bois et mat\u00e9riaux d\u00e9riv\u00e9s. Convient \u00e9galement pour un usage en int\u00e9rieur.<\/p>\n","protected":false},"excerpt":{"rendered":"<p>Adh\u00e9sif adapt\u00e9 pour l\u2019encollage de mat\u00e9riaux exigeant une grande r\u00e9sistance<\/p>\n","protected":false},"featured_media":8701,"comment_status":"open","ping_status":"closed","template":"","meta":{"_acf_changed":false},"product_cat":[431,437],"product_tag":[],"acf":[],"_links":{"self":[{"href":"https:\/\/rayt.com\/fr\/wp-json\/wp\/v2\/product\/2793"}],"collection":[{"href":"https:\/\/rayt.com\/fr\/wp-json\/wp\/v2\/product"}],"about":[{"href":"https:\/\/rayt.com\/fr\/wp-json\/wp\/v2\/types\/product"}],"replies":[{"embeddable":true,"href":"https:\/\/rayt.com\/fr\/wp-json\/wp\/v2\/comments?post=2793"}],"wp:featuredmedia":[{"embeddable":true,"href":"https:\/\/rayt.com\/fr\/wp-json\/wp\/v2\/media\/8701"}],"wp:attachment":[{"href":"https:\/\/rayt.com\/fr\/wp-json\/wp\/v2\/media?parent=2793"}],"wp:term":[{"taxonomy":"product_cat","embeddable":true,"href":"https:\/\/rayt.com\/fr\/wp-json\/wp\/v2\/product_cat?post=2793"},{"taxonomy":"product_tag","embeddable":true,"href":"https:\/\/rayt.com\/fr\/wp-json\/wp\/v2\/product_tag?post=2793"}],"curies":[{"name":"wp","href":"https:\/\/api.w.org\/{rel}","templated":true}]}}