{"id":2815,"date":"2020-12-11T08:29:54","date_gmt":"2020-12-11T08:37:33","guid":{"rendered":"http:\/\/rayt.com\/?post_type=product&#038;p=2815"},"modified":"2020-12-11T08:37:34","modified_gmt":"2020-12-11T08:37:34","slug":"cola-blanca-extra-super-fuerte","status":"publish","type":"product","link":"https:\/\/rayt.com\/fr\/producto\/cola-blanca-extra-super-fuerte\/","title":{"rendered":"Cola Blanca Extra S\u00faper Fuerte"},"content":{"rendered":"<p>Adh\u00e9sif multi-usages d\u2019application g\u00e9n\u00e9rale pour l\u2019encollage bois-bois, bois-stratifi\u00e9 plastique, papier, carton, c\u00e9ramique, sur tout type de mat\u00e9riaux poreux.<\/p>\n","protected":false},"excerpt":{"rendered":"<p>Adh\u00e9sif multi-usages d\u2019application g\u00e9n\u00e9rale pour l\u2019encollage bois-bois, bois-stratifi\u00e9 plastique, papier,<\/p>\n","protected":false},"featured_media":8647,"comment_status":"open","ping_status":"closed","template":"","meta":{"_acf_changed":false},"product_cat":[431,437],"product_tag":[],"acf":[],"_links":{"self":[{"href":"https:\/\/rayt.com\/fr\/wp-json\/wp\/v2\/product\/2815"}],"collection":[{"href":"https:\/\/rayt.com\/fr\/wp-json\/wp\/v2\/product"}],"about":[{"href":"https:\/\/rayt.com\/fr\/wp-json\/wp\/v2\/types\/product"}],"replies":[{"embeddable":true,"href":"https:\/\/rayt.com\/fr\/wp-json\/wp\/v2\/comments?post=2815"}],"wp:featuredmedia":[{"embeddable":true,"href":"https:\/\/rayt.com\/fr\/wp-json\/wp\/v2\/media\/8647"}],"wp:attachment":[{"href":"https:\/\/rayt.com\/fr\/wp-json\/wp\/v2\/media?parent=2815"}],"wp:term":[{"taxonomy":"product_cat","embeddable":true,"href":"https:\/\/rayt.com\/fr\/wp-json\/wp\/v2\/product_cat?post=2815"},{"taxonomy":"product_tag","embeddable":true,"href":"https:\/\/rayt.com\/fr\/wp-json\/wp\/v2\/product_tag?post=2815"}],"curies":[{"name":"wp","href":"https:\/\/api.w.org\/{rel}","templated":true}]}}