{"id":2849,"date":"2020-11-03T10:31:37","date_gmt":"2020-12-11T09:39:45","guid":{"rendered":"http:\/\/rayt.com\/?post_type=product&#038;p=2849"},"modified":"2021-02-18T10:52:33","modified_gmt":"2021-02-18T10:52:33","slug":"g-6422-nr","status":"publish","type":"product","link":"https:\/\/rayt.com\/fr\/producto\/g-6422-nr\/","title":{"rendered":"G-6422-NR"},"content":{"rendered":"<p>HOT-MELT TR\u00c8S RAPIDE POUR LA FORMATION ET FERMETURE DE CAISSES CARTON.<br \/>\nAdh\u00e9sif thermofusible appropri\u00e9 pour la formation et la fermeture de caisse carton sur des machines automatiques, formation de plateaux, et caisses wrap-around.<\/p>\n<h4>CARACTERISTIQUES<\/h4>\n<p>Particuli\u00e8rement appropri\u00e9 pour les syst\u00e8mes \u00abwrap-around\u00bb que, en raison de leur caract\u00e9ristiques particuli\u00e8res ou le type d&#8217;emballage, ont besoin d\u0092avoir d&rsquo;un temps de s\u00e9chage rapide.<br \/>\nFormation et fermeture des bo\u00eetes en carton dans de machines automatiques.<br \/>\nConforme FDA 175.105 pour contact alimentaire indirect.<br \/>\nTemp\u00e9rature d&rsquo;application: 160-180\u00baC.<\/p>\n","protected":false},"excerpt":{"rendered":"<p>HOT-MELT TR\u00c8S RAPIDE POUR LA FORMATION ET FERMETURE DE CAISSES<\/p>\n","protected":false},"featured_media":2841,"comment_status":"open","ping_status":"closed","template":"","meta":{"_acf_changed":false},"product_cat":[1013,1791,1091,978,981,747,999,680,656,677,1085,683,659,1283,1296,1590,1649,1650,1673,1707,1777,1782,602,975,1010,653],"product_tag":[],"acf":[],"_links":{"self":[{"href":"https:\/\/rayt.com\/fr\/wp-json\/wp\/v2\/product\/2849"}],"collection":[{"href":"https:\/\/rayt.com\/fr\/wp-json\/wp\/v2\/product"}],"about":[{"href":"https:\/\/rayt.com\/fr\/wp-json\/wp\/v2\/types\/product"}],"replies":[{"embeddable":true,"href":"https:\/\/rayt.com\/fr\/wp-json\/wp\/v2\/comments?post=2849"}],"wp:featuredmedia":[{"embeddable":true,"href":"https:\/\/rayt.com\/fr\/wp-json\/wp\/v2\/media\/2841"}],"wp:attachment":[{"href":"https:\/\/rayt.com\/fr\/wp-json\/wp\/v2\/media?parent=2849"}],"wp:term":[{"taxonomy":"product_cat","embeddable":true,"href":"https:\/\/rayt.com\/fr\/wp-json\/wp\/v2\/product_cat?post=2849"},{"taxonomy":"product_tag","embeddable":true,"href":"https:\/\/rayt.com\/fr\/wp-json\/wp\/v2\/product_tag?post=2849"}],"curies":[{"name":"wp","href":"https:\/\/api.w.org\/{rel}","templated":true}]}}