{"id":2875,"date":"2020-11-03T10:38:58","date_gmt":"2020-12-11T10:26:39","guid":{"rendered":"http:\/\/rayt.com\/?post_type=product&#038;p=2875"},"modified":"2021-02-19T15:20:15","modified_gmt":"2021-02-19T15:20:15","slug":"g-6470-future","status":"publish","type":"product","link":"https:\/\/rayt.com\/fr\/producto\/g-6470-future\/","title":{"rendered":"G-6470 FUTURE"},"content":{"rendered":"<p>HOT-MELT BLANC DE HAUTE PERFORMANCE POUR BO\u00ceTES DIFFICILES ET POUR CONG\u00c9LATION.<br \/>\nAdh\u00e9sif appropri\u00e9 pour former et sceller des bo\u00eetes de carton dans des machines automatiques. Convient \u00e9galement pour la formation des \u00e9tuis et des caisses \u00ab\u00a0wrap-around\u00a0\u00bb.<\/p>\n<h4>CARACTERISTIQUES<\/h4>\n<p>Fermeture et formation de bo\u00eetes \u00e0 carton dans des machines automatiques.<br \/>\nConforme FDA 175.105 pour contact alimentaire indirect.<br \/>\nFormation de bo\u00eetes dans des machines \u00ab\u00a0wrap-around\u00a0\u00bb.<br \/>\nTemp\u00e9rature d&rsquo;application: 160-180\u00baC.<br \/>\nExcellente stabilit\u00e9 thermique.<br \/>\nNiveau d&rsquo;odeur tr\u00e8s faible.<br \/>\n\u00c9tuis.<\/p>\n","protected":false},"excerpt":{"rendered":"<p>HOT-MELT BLANC DE HAUTE PERFORMANCE POUR BO\u00ceTES DIFFICILES ET POUR<\/p>\n","protected":false},"featured_media":2876,"comment_status":"open","ping_status":"closed","template":"","meta":{"_acf_changed":false},"product_cat":[1013,1791,1091,978,981,747,999,995,680,656,677,994,1085,683,659,1777,1782,1774,1707,1673,1650,1649,1590,1296,1283,602,975,1010,653],"product_tag":[],"acf":[],"_links":{"self":[{"href":"https:\/\/rayt.com\/fr\/wp-json\/wp\/v2\/product\/2875"}],"collection":[{"href":"https:\/\/rayt.com\/fr\/wp-json\/wp\/v2\/product"}],"about":[{"href":"https:\/\/rayt.com\/fr\/wp-json\/wp\/v2\/types\/product"}],"replies":[{"embeddable":true,"href":"https:\/\/rayt.com\/fr\/wp-json\/wp\/v2\/comments?post=2875"}],"wp:featuredmedia":[{"embeddable":true,"href":"https:\/\/rayt.com\/fr\/wp-json\/wp\/v2\/media\/2876"}],"wp:attachment":[{"href":"https:\/\/rayt.com\/fr\/wp-json\/wp\/v2\/media?parent=2875"}],"wp:term":[{"taxonomy":"product_cat","embeddable":true,"href":"https:\/\/rayt.com\/fr\/wp-json\/wp\/v2\/product_cat?post=2875"},{"taxonomy":"product_tag","embeddable":true,"href":"https:\/\/rayt.com\/fr\/wp-json\/wp\/v2\/product_tag?post=2875"}],"curies":[{"name":"wp","href":"https:\/\/api.w.org\/{rel}","templated":true}]}}