{"id":2885,"date":"2020-11-03T10:44:04","date_gmt":"2020-12-11T10:51:01","guid":{"rendered":"http:\/\/rayt.com\/?post_type=product&#038;p=2885"},"modified":"2021-02-19T15:23:42","modified_gmt":"2021-02-19T15:23:42","slug":"g-659-blanco","status":"publish","type":"product","link":"https:\/\/rayt.com\/fr\/producto\/g-659-blanco\/","title":{"rendered":"G-659-BLANCO"},"content":{"rendered":"<p>HOT-MELT BLANC RAPIDE POUR LA FORMATION ET FERMETURE DE CAISSES CARTON.<br \/>\nAdh\u00e9sif haute qualit\u00e9, adapt\u00e9 pour la formation et scellage de bo\u00eetes carton dans les machines automatiques.<br \/>\nParticuli\u00e8rement adapt\u00e9 pour les lignes \u00e0 grande vitesse et des bo\u00eetes \u00ab\u00a0wrap-around\u00a0\u00bb.<\/p>\n<h4>CARACTERISTIQUES<\/h4>\n<p>Formation et fermeture des bo\u00eetes en carton dans de machines automatiques.<br \/>\nConforme FDA 175.105 pour contact alimentaire indirect.<br \/>\nTemp\u00e9rature d&rsquo;application: 160-180\u00baC.<br \/>\nExcellente stabilit\u00e9 thermique.<br \/>\nNiveau d&rsquo;odeur tr\u00e8s faible.<br \/>\n\u00c9tuis.<\/p>\n","protected":false},"excerpt":{"rendered":"<p>HOT-MELT BLANC RAPIDE POUR LA FORMATION ET FERMETURE DE CAISSES<\/p>\n","protected":false},"featured_media":2886,"comment_status":"open","ping_status":"closed","template":"","meta":{"_acf_changed":false},"product_cat":[1013,1791,1091,978,981,665,747,999,995,680,671,656,677,662,994,1085,674,683,659,668,1782,1777,1774,1707,1673,1650,1649,1648,1647,1645,1643,1590,1296,1283,602,975,1010,653],"product_tag":[],"acf":[],"_links":{"self":[{"href":"https:\/\/rayt.com\/fr\/wp-json\/wp\/v2\/product\/2885"}],"collection":[{"href":"https:\/\/rayt.com\/fr\/wp-json\/wp\/v2\/product"}],"about":[{"href":"https:\/\/rayt.com\/fr\/wp-json\/wp\/v2\/types\/product"}],"replies":[{"embeddable":true,"href":"https:\/\/rayt.com\/fr\/wp-json\/wp\/v2\/comments?post=2885"}],"wp:featuredmedia":[{"embeddable":true,"href":"https:\/\/rayt.com\/fr\/wp-json\/wp\/v2\/media\/2886"}],"wp:attachment":[{"href":"https:\/\/rayt.com\/fr\/wp-json\/wp\/v2\/media?parent=2885"}],"wp:term":[{"taxonomy":"product_cat","embeddable":true,"href":"https:\/\/rayt.com\/fr\/wp-json\/wp\/v2\/product_cat?post=2885"},{"taxonomy":"product_tag","embeddable":true,"href":"https:\/\/rayt.com\/fr\/wp-json\/wp\/v2\/product_tag?post=2885"}],"curies":[{"name":"wp","href":"https:\/\/api.w.org\/{rel}","templated":true}]}}