{"id":2903,"date":"2020-11-03T10:46:54","date_gmt":"2020-12-11T11:01:17","guid":{"rendered":"http:\/\/rayt.com\/?post_type=product&#038;p=2903"},"modified":"2021-02-18T11:06:24","modified_gmt":"2021-02-18T11:06:24","slug":"g-659-rc","status":"publish","type":"product","link":"https:\/\/rayt.com\/fr\/producto\/g-659-rc\/","title":{"rendered":"G-659-RC"},"content":{"rendered":"<p>HOT-MELT BLANC TR\u00c8S RAPIDE POUR LA FORMATION ET FERMETURE DE CAISSES CARTON DANS ENVIRONNEMENTS CHAUDS.<br \/>\nAdh\u00e9sif pour la formation et scellage de bo\u00eetes carton dans les machines automatiques \u00e0 haute vitesse de collage et une bonne r\u00e9sistance \u00e0 la chaleur.<\/p>\n<h4>CARACTERISTIQUES<\/h4>\n<p>Formation et\/ou fermeture des bo\u00eetes en carton dans de machines automatiques.<br \/>\nTemp\u00e9rature d&rsquo;application: 160-180\u00baC.<br \/>\nR\u00e9sistance \u00e0 la chaleur \u00e9lev\u00e9e.<br \/>\nVitesse de s\u00e9chage \u00e9lev\u00e9e.<br \/>\nConforme FDA 175.105 pour contact alimentaire indirect.<\/p>\n","protected":false},"excerpt":{"rendered":"<p>HOT-MELT BLANC TR\u00c8S RAPIDE POUR LA FORMATION ET FERMETURE DE<\/p>\n","protected":false},"featured_media":2904,"comment_status":"open","ping_status":"closed","template":"","meta":{"_acf_changed":false},"product_cat":[1013,1791,1091,978,981,665,747,999,680,656,677,662,1085,674,683,659,1283,1296,1590,1643,1648,1649,1650,1673,1777,1782,602,975,1010,653],"product_tag":[],"acf":[],"_links":{"self":[{"href":"https:\/\/rayt.com\/fr\/wp-json\/wp\/v2\/product\/2903"}],"collection":[{"href":"https:\/\/rayt.com\/fr\/wp-json\/wp\/v2\/product"}],"about":[{"href":"https:\/\/rayt.com\/fr\/wp-json\/wp\/v2\/types\/product"}],"replies":[{"embeddable":true,"href":"https:\/\/rayt.com\/fr\/wp-json\/wp\/v2\/comments?post=2903"}],"wp:featuredmedia":[{"embeddable":true,"href":"https:\/\/rayt.com\/fr\/wp-json\/wp\/v2\/media\/2904"}],"wp:attachment":[{"href":"https:\/\/rayt.com\/fr\/wp-json\/wp\/v2\/media?parent=2903"}],"wp:term":[{"taxonomy":"product_cat","embeddable":true,"href":"https:\/\/rayt.com\/fr\/wp-json\/wp\/v2\/product_cat?post=2903"},{"taxonomy":"product_tag","embeddable":true,"href":"https:\/\/rayt.com\/fr\/wp-json\/wp\/v2\/product_tag?post=2903"}],"curies":[{"name":"wp","href":"https:\/\/api.w.org\/{rel}","templated":true}]}}