{"id":2907,"date":"2020-11-03T10:50:16","date_gmt":"2020-12-11T11:10:43","guid":{"rendered":"http:\/\/rayt.com\/?post_type=product&#038;p=2907"},"modified":"2021-02-19T15:25:05","modified_gmt":"2021-02-19T15:25:05","slug":"g-660-plus","status":"publish","type":"product","link":"https:\/\/rayt.com\/fr\/producto\/g-660-plus\/","title":{"rendered":"G-660 PLUS"},"content":{"rendered":"<p>ADH\u00c9SIF THERMOFUSIBLE CLAIR DE HAUTE PERFORMANCE POUR LA FORMATION ET SC\u00c9LLAGE DE BO\u00ceTES CARTON.<br \/>\nAdh\u00e9sif appropri\u00e9 pour les applications d&#8217;emballage formation et scellage d&rsquo;\u00e9tuis, plateaux et bo\u00eetes de carton dans les machines automatiques ou semi-automatiques \u00e0 vitesse moyenne.<\/p>\n<h4>CARACTERISTIQUES<\/h4>\n<p>Pour la fermeture de bo\u00eetes dans de machines de vitesse moyenne ou semi-automatiques.<br \/>\nColeur claire. Inodore. Bon rendement.<br \/>\nTemp\u00e9rature d&rsquo;application: 160-180\u00baC.<br \/>\nTemps de s\u00e9chage curt.<br \/>\nTemps ouvert long.<br \/>\nConforme FDA 175.105 pour contact alimentaire indirect.<\/p>\n","protected":false},"excerpt":{"rendered":"<p>ADH\u00c9SIF THERMOFUSIBLE CLAIR DE HAUTE PERFORMANCE POUR LA FORMATION ET<\/p>\n","protected":false},"featured_media":2904,"comment_status":"open","ping_status":"closed","template":"","meta":{"_acf_changed":false},"product_cat":[1013,1791,1091,978,981,665,747,999,1088,995,680,671,656,677,662,994,1085,674,683,659,668,1645,1777,1774,1707,1673,1650,1649,1648,1647,1643,1590,1296,1283,1779,1782,602,975,1010,653],"product_tag":[],"acf":[],"_links":{"self":[{"href":"https:\/\/rayt.com\/fr\/wp-json\/wp\/v2\/product\/2907"}],"collection":[{"href":"https:\/\/rayt.com\/fr\/wp-json\/wp\/v2\/product"}],"about":[{"href":"https:\/\/rayt.com\/fr\/wp-json\/wp\/v2\/types\/product"}],"replies":[{"embeddable":true,"href":"https:\/\/rayt.com\/fr\/wp-json\/wp\/v2\/comments?post=2907"}],"wp:featuredmedia":[{"embeddable":true,"href":"https:\/\/rayt.com\/fr\/wp-json\/wp\/v2\/media\/2904"}],"wp:attachment":[{"href":"https:\/\/rayt.com\/fr\/wp-json\/wp\/v2\/media?parent=2907"}],"wp:term":[{"taxonomy":"product_cat","embeddable":true,"href":"https:\/\/rayt.com\/fr\/wp-json\/wp\/v2\/product_cat?post=2907"},{"taxonomy":"product_tag","embeddable":true,"href":"https:\/\/rayt.com\/fr\/wp-json\/wp\/v2\/product_tag?post=2907"}],"curies":[{"name":"wp","href":"https:\/\/api.w.org\/{rel}","templated":true}]}}