{"id":2910,"date":"2020-11-03T10:52:25","date_gmt":"2020-12-11T11:20:54","guid":{"rendered":"http:\/\/rayt.com\/?post_type=product&#038;p=2910"},"modified":"2021-02-18T11:15:12","modified_gmt":"2021-02-18T11:15:12","slug":"g-662-plus","status":"publish","type":"product","link":"https:\/\/rayt.com\/fr\/producto\/g-662-plus\/","title":{"rendered":"G-662 PLUS"},"content":{"rendered":"<p>ADH\u00c9SIF THERMOFUSIBLE RAPIDE, CLAIR, DE HAUTE PERFORMANCE POUR LA FORMATION ET SC\u00c9LLAGE DE BO\u00ceTES CARTON.<br \/>\nAdh\u00e9sif appropri\u00e9 pour la formation et scellage de bo\u00eetes carton dans les machines automatiques. Bien adapt\u00e9 pour des applications o\u00f9 un adh\u00e9sif \u00e0 faible viscosit\u00e9 est n\u00e9cessaire.<\/p>\n<h4>CARACTERISTIQUES<\/h4>\n<p>Formation et\/ou fermeture des bo\u00eetes en carton dans de machines automatiques.<br \/>\nFaible viscosit\u00e9, bonne couleur et meilleure stabilit\u00e9 thermique.<br \/>\nAussi \u00e9tuis ou d&rsquo;autres applications d&#8217;emballage.<br \/>\nTemp\u00e9rature d&rsquo;application: 160-180\u00baC.<br \/>\nConforme FDA 175.105 pour contact alimentaire indirect.<\/p>\n","protected":false},"excerpt":{"rendered":"<p>ADH\u00c9SIF THERMOFUSIBLE RAPIDE, CLAIR, DE HAUTE PERFORMANCE POUR LA FORMATION<\/p>\n","protected":false},"featured_media":2904,"comment_status":"open","ping_status":"closed","template":"","meta":{"_acf_changed":false},"product_cat":[1013,1791,1091,978,981,747,999,680,656,677,1085,683,659,1283,1296,1673,1707,1777,1782,602,975,1010,653],"product_tag":[],"acf":[],"_links":{"self":[{"href":"https:\/\/rayt.com\/fr\/wp-json\/wp\/v2\/product\/2910"}],"collection":[{"href":"https:\/\/rayt.com\/fr\/wp-json\/wp\/v2\/product"}],"about":[{"href":"https:\/\/rayt.com\/fr\/wp-json\/wp\/v2\/types\/product"}],"replies":[{"embeddable":true,"href":"https:\/\/rayt.com\/fr\/wp-json\/wp\/v2\/comments?post=2910"}],"wp:featuredmedia":[{"embeddable":true,"href":"https:\/\/rayt.com\/fr\/wp-json\/wp\/v2\/media\/2904"}],"wp:attachment":[{"href":"https:\/\/rayt.com\/fr\/wp-json\/wp\/v2\/media?parent=2910"}],"wp:term":[{"taxonomy":"product_cat","embeddable":true,"href":"https:\/\/rayt.com\/fr\/wp-json\/wp\/v2\/product_cat?post=2910"},{"taxonomy":"product_tag","embeddable":true,"href":"https:\/\/rayt.com\/fr\/wp-json\/wp\/v2\/product_tag?post=2910"}],"curies":[{"name":"wp","href":"https:\/\/api.w.org\/{rel}","templated":true}]}}