{"id":2913,"date":"2020-11-03T10:54:58","date_gmt":"2020-12-11T11:30:37","guid":{"rendered":"http:\/\/rayt.com\/?post_type=product&#038;p=2913"},"modified":"2021-02-19T15:26:27","modified_gmt":"2021-02-19T15:26:27","slug":"g-6630","status":"publish","type":"product","link":"https:\/\/rayt.com\/fr\/producto\/g-6630\/","title":{"rendered":"G-6630"},"content":{"rendered":"<p>ADH\u00c9SIF THERMOFUSIBLE STANDARD POUR LA FORMATION ET SC\u00c9LLAGE DE BO\u00ceTES CARTON. FAIBLE ODEUR.<br \/>\nAdh\u00e9sif standard pour former et sceller les cartons avec ou sans traitement. Convient pour les \u00e9tuis, la formation des plateaux horticoles et des bo\u00eetes sur des machines \u00ab\u00a0wrap-around\u00a0\u00bb.<\/p>\n<h4>CARACTERISTIQUES<\/h4>\n<p>Utilisez toute l&rsquo;\u0092ann\u00e9e dans des conditions environnementales non extr\u00eames.<br \/>\nVersatilit\u00e9 \u00e9lev\u00e9e et bonne performance dans de mat\u00e9riaux difficiles.<br \/>\nHot-melt de vitesse moyenne pour usage g\u00e9n\u00e9rale.<br \/>\nTemp\u00e9rature d&rsquo;application: 150-180\u00baC.<br \/>\nBonne r\u00e9sistance \u00e0 la chaleur.<br \/>\nTemps de s\u00e9chage curt.<br \/>\nConforme FDA 175.105 pour contact alimentaire indirect.<\/p>\n","protected":false},"excerpt":{"rendered":"<p>ADH\u00c9SIF THERMOFUSIBLE STANDARD POUR LA FORMATION ET SC\u00c9LLAGE DE BO\u00ceTES<\/p>\n","protected":false},"featured_media":2841,"comment_status":"open","ping_status":"closed","template":"","meta":{"_acf_changed":false},"product_cat":[1013,1791,1091,978,981,665,747,999,995,680,671,656,677,662,994,1085,674,683,659,668,1296,1777,1774,1707,1673,1650,1649,1648,1647,1643,1590,1283,602,975,1010,653],"product_tag":[],"acf":[],"_links":{"self":[{"href":"https:\/\/rayt.com\/fr\/wp-json\/wp\/v2\/product\/2913"}],"collection":[{"href":"https:\/\/rayt.com\/fr\/wp-json\/wp\/v2\/product"}],"about":[{"href":"https:\/\/rayt.com\/fr\/wp-json\/wp\/v2\/types\/product"}],"replies":[{"embeddable":true,"href":"https:\/\/rayt.com\/fr\/wp-json\/wp\/v2\/comments?post=2913"}],"wp:featuredmedia":[{"embeddable":true,"href":"https:\/\/rayt.com\/fr\/wp-json\/wp\/v2\/media\/2841"}],"wp:attachment":[{"href":"https:\/\/rayt.com\/fr\/wp-json\/wp\/v2\/media?parent=2913"}],"wp:term":[{"taxonomy":"product_cat","embeddable":true,"href":"https:\/\/rayt.com\/fr\/wp-json\/wp\/v2\/product_cat?post=2913"},{"taxonomy":"product_tag","embeddable":true,"href":"https:\/\/rayt.com\/fr\/wp-json\/wp\/v2\/product_tag?post=2913"}],"curies":[{"name":"wp","href":"https:\/\/api.w.org\/{rel}","templated":true}]}}