{"id":2927,"date":"2020-11-03T10:57:19","date_gmt":"2020-12-14T07:36:27","guid":{"rendered":"http:\/\/rayt.com\/?post_type=product&#038;p=2927"},"modified":"2021-02-19T15:27:54","modified_gmt":"2021-02-19T15:27:54","slug":"g-6631-rr","status":"publish","type":"product","link":"https:\/\/rayt.com\/fr\/producto\/g-6631-rr\/","title":{"rendered":"G-6631-RR"},"content":{"rendered":"<p>HOT-MELT TR\u00c8S RAPIDE POUR LA FORMATION ET FERMETURE DE BO\u00ceTES EN CARTON DANS DES R\u00c9GIONS CHAUDES.<br \/>\nAdh\u00e9sif appropri\u00e9 pour la formation et scellage de cartons. Ses caract\u00e9ristiques lui conf\u00e8rent une grande polyvalence, \u00e9tant possible le collage de cartons trait\u00e9es et non trait\u00e9es. Prise rapide, id\u00e9al pour des temp\u00e9ratures ambiantes \u00e9lev\u00e9es.<\/p>\n<h4>CARACTERISTIQUES<\/h4>\n<p>Pour des conditions de temp\u00e9rature ambiante \u00e9lev\u00e9e et cartons de difficult\u00e9 moyenne.<br \/>\nTemp\u00e9rature d&rsquo;application: 150-180\u00baC.<br \/>\nExcellente r\u00e9sistance \u00e0 la chaleur.<br \/>\nHot-melt de vitesse \u00e9lev\u00e9e.<br \/>\nTemps de s\u00e9chage curt.<br \/>\nConforme FDA 175.105 pour contact alimentaire indirect.<\/p>\n","protected":false},"excerpt":{"rendered":"<p>HOT-MELT TR\u00c8S RAPIDE POUR LA FORMATION ET FERMETURE DE BO\u00ceTES<\/p>\n","protected":false},"featured_media":2841,"comment_status":"open","ping_status":"closed","template":"","meta":{"_acf_changed":false},"product_cat":[1013,1791,1091,978,981,665,747,999,995,680,671,656,677,662,994,1085,674,683,659,668,1782,1777,1774,1707,1673,1650,1649,1648,1647,1645,1643,1590,1296,1283,602,975,1010,653],"product_tag":[],"acf":[],"_links":{"self":[{"href":"https:\/\/rayt.com\/fr\/wp-json\/wp\/v2\/product\/2927"}],"collection":[{"href":"https:\/\/rayt.com\/fr\/wp-json\/wp\/v2\/product"}],"about":[{"href":"https:\/\/rayt.com\/fr\/wp-json\/wp\/v2\/types\/product"}],"replies":[{"embeddable":true,"href":"https:\/\/rayt.com\/fr\/wp-json\/wp\/v2\/comments?post=2927"}],"wp:featuredmedia":[{"embeddable":true,"href":"https:\/\/rayt.com\/fr\/wp-json\/wp\/v2\/media\/2841"}],"wp:attachment":[{"href":"https:\/\/rayt.com\/fr\/wp-json\/wp\/v2\/media?parent=2927"}],"wp:term":[{"taxonomy":"product_cat","embeddable":true,"href":"https:\/\/rayt.com\/fr\/wp-json\/wp\/v2\/product_cat?post=2927"},{"taxonomy":"product_tag","embeddable":true,"href":"https:\/\/rayt.com\/fr\/wp-json\/wp\/v2\/product_tag?post=2927"}],"curies":[{"name":"wp","href":"https:\/\/api.w.org\/{rel}","templated":true}]}}