{"id":2931,"date":"2020-11-03T11:03:59","date_gmt":"2020-12-14T07:46:23","guid":{"rendered":"http:\/\/rayt.com\/?post_type=product&#038;p=2931"},"modified":"2021-02-19T15:36:06","modified_gmt":"2021-02-19T15:36:06","slug":"g-6650-future","status":"publish","type":"product","link":"https:\/\/rayt.com\/fr\/producto\/g-6650-future\/","title":{"rendered":"G-6650 FUTURE"},"content":{"rendered":"<p>ADH\u00c9SIF THERMOFUSIBLE CLAIR DE HAUTE PERFORMANCE POUR LA FORMATION ET SC\u00c9LLAGE DE BO\u00ceTES CARTON.<br \/>\nAdh\u00e9sif pour la formation et scellage de bo\u00eetes carton dans les machines automatiques. Convient pour les \u00e9tuis et pour la formation de bo\u00eetes \u00ab\u00a0wrap-around\u00a0\u00bb.<\/p>\n<h4>CARACTERISTIQUES<\/h4>\n<p>Formation et fermeture des bo\u00eetes en carton dans de machines automatiques.<br \/>\nTemp\u00e9rature d&rsquo;application: 160-180\u00baC.<br \/>\nExcellente stabilit\u00e9 thermique.<br \/>\nNiveau d&rsquo;odeur tr\u00e8s faible.<br \/>\n\u00c9tuis.<br \/>\nConforme FDA 175.105 pour contact alimentaire indirect.<\/p>\n","protected":false},"excerpt":{"rendered":"<p>ADH\u00c9SIF THERMOFUSIBLE CLAIR DE HAUTE PERFORMANCE POUR LA FORMATION ET<\/p>\n","protected":false},"featured_media":2886,"comment_status":"open","ping_status":"closed","template":"","meta":{"_acf_changed":false},"product_cat":[1013,1791,1091,978,981,1669,665,747,999,995,680,671,656,677,662,994,1085,674,683,659,668,1283,1296,1590,1643,1645,1647,1649,1650,1673,1707,1777,602,975,1010,653],"product_tag":[],"acf":[],"_links":{"self":[{"href":"https:\/\/rayt.com\/fr\/wp-json\/wp\/v2\/product\/2931"}],"collection":[{"href":"https:\/\/rayt.com\/fr\/wp-json\/wp\/v2\/product"}],"about":[{"href":"https:\/\/rayt.com\/fr\/wp-json\/wp\/v2\/types\/product"}],"replies":[{"embeddable":true,"href":"https:\/\/rayt.com\/fr\/wp-json\/wp\/v2\/comments?post=2931"}],"wp:featuredmedia":[{"embeddable":true,"href":"https:\/\/rayt.com\/fr\/wp-json\/wp\/v2\/media\/2886"}],"wp:attachment":[{"href":"https:\/\/rayt.com\/fr\/wp-json\/wp\/v2\/media?parent=2931"}],"wp:term":[{"taxonomy":"product_cat","embeddable":true,"href":"https:\/\/rayt.com\/fr\/wp-json\/wp\/v2\/product_cat?post=2931"},{"taxonomy":"product_tag","embeddable":true,"href":"https:\/\/rayt.com\/fr\/wp-json\/wp\/v2\/product_tag?post=2931"}],"curies":[{"name":"wp","href":"https:\/\/api.w.org\/{rel}","templated":true}]}}