{"id":2946,"date":"2020-11-03T11:09:58","date_gmt":"2020-12-14T08:15:38","guid":{"rendered":"http:\/\/rayt.com\/?post_type=product&#038;p=2946"},"modified":"2021-02-18T11:27:45","modified_gmt":"2021-02-18T11:27:45","slug":"g-6657-rr","status":"publish","type":"product","link":"https:\/\/rayt.com\/fr\/producto\/g-6657-rr\/","title":{"rendered":"G-6657-RR"},"content":{"rendered":"<p>HOT-MELT TR\u00c8S RAPIDE POUR LA FORMATION ET FERMETURE DE BO\u00ceTES EN CARTON DANS R\u00c9GIONS CHAUDES.<br \/>\nAdh\u00e9sif pour former et sceller des cartons. Convient pour les syst\u00e8mes \u00abwrap-around\u00bb et plateaux horticoles.<\/p>\n<h4>CARACTERISTIQUES<\/h4>\n<p>Formation et\/ou fermeture des bo\u00eetes en carton dans de machines automatiques.<br \/>\nTr\u00e8s appropri\u00e9 pour les machines \u00e0 grande vitesse.<br \/>\nAppropri\u00e9 pour les plateaux de l&rsquo;agriculture.<br \/>\nAppropri\u00e9 pour le syst\u00e8me \u00ab\u00a0wrap-around\u00a0\u00bb.<br \/>\nTemp\u00e9rature d&rsquo;application: 160-180\u00baC.<br \/>\nConforme FDA 175.105 pour contact alimentaire indirect.<\/p>\n","protected":false},"excerpt":{"rendered":"<p>HOT-MELT TR\u00c8S RAPIDE POUR LA FORMATION ET FERMETURE DE BO\u00ceTES<\/p>\n","protected":false},"featured_media":2841,"comment_status":"open","ping_status":"closed","template":"","meta":{"_acf_changed":false},"product_cat":[1013,1791,1091,978,981,665,747,999,680,656,677,662,1085,674,683,659,1648,1782,1649,1650,1673,1707,1777,1643,1590,1296,1283,602,975,1010,653],"product_tag":[],"acf":[],"_links":{"self":[{"href":"https:\/\/rayt.com\/fr\/wp-json\/wp\/v2\/product\/2946"}],"collection":[{"href":"https:\/\/rayt.com\/fr\/wp-json\/wp\/v2\/product"}],"about":[{"href":"https:\/\/rayt.com\/fr\/wp-json\/wp\/v2\/types\/product"}],"replies":[{"embeddable":true,"href":"https:\/\/rayt.com\/fr\/wp-json\/wp\/v2\/comments?post=2946"}],"wp:featuredmedia":[{"embeddable":true,"href":"https:\/\/rayt.com\/fr\/wp-json\/wp\/v2\/media\/2841"}],"wp:attachment":[{"href":"https:\/\/rayt.com\/fr\/wp-json\/wp\/v2\/media?parent=2946"}],"wp:term":[{"taxonomy":"product_cat","embeddable":true,"href":"https:\/\/rayt.com\/fr\/wp-json\/wp\/v2\/product_cat?post=2946"},{"taxonomy":"product_tag","embeddable":true,"href":"https:\/\/rayt.com\/fr\/wp-json\/wp\/v2\/product_tag?post=2946"}],"curies":[{"name":"wp","href":"https:\/\/api.w.org\/{rel}","templated":true}]}}