{"id":2950,"date":"2020-10-28T09:17:05","date_gmt":"2020-12-14T08:20:59","guid":{"rendered":"http:\/\/rayt.com\/?post_type=product&#038;p=2950"},"modified":"2021-02-12T08:42:48","modified_gmt":"2021-02-12T08:42:48","slug":"g-6501-nf","status":"publish","type":"product","link":"https:\/\/rayt.com\/fr\/producto\/g-6501-nf\/","title":{"rendered":"G-6501-NF"},"content":{"rendered":"<div id=\"description_content\" class=\"rte align_justify\">\n<div id=\"description_content\" class=\"rte align_justify\">\n<p>HOT-MELT FLEXIBLE POUR L&rsquo;ENCOLLAGE DE L&rsquo;OURLET DE TAPIS. FLEXIBLE.<\/p>\n<\/div>\n<div id=\"description_content\" class=\"rte align_justify\">\n<p>Adh\u00e9sif thermofusible \u00e0 viscosit\u00e9 moyenne pour de nombreuses applications industrielles.<br \/>\nJaune clair.<br \/>\nVersion plus souple.<\/p>\n<\/div>\n<\/div>\n<h4>CARACTERISTIQUES<\/h4>\n<p>Encollage d&rsquo;ourlets de tapis.<br \/>\nViscosit\u00e9 moyenne. Flexibilit\u00e9 am\u00e9lior\u00e9e.<br \/>\nTemp\u00e9rature d&rsquo;application: 150-175\u00baC.<\/p>\n","protected":false},"excerpt":{"rendered":"<p>HOT-MELT FLEXIBLE POUR L&rsquo;ENCOLLAGE DE L&rsquo;OURLET DE TAPIS. FLEXIBLE. Adh\u00e9sif<\/p>\n","protected":false},"featured_media":2923,"comment_status":"open","ping_status":"closed","template":"","meta":{"_acf_changed":false},"product_cat":[810,1468,602,801,798],"product_tag":[],"acf":[],"_links":{"self":[{"href":"https:\/\/rayt.com\/fr\/wp-json\/wp\/v2\/product\/2950"}],"collection":[{"href":"https:\/\/rayt.com\/fr\/wp-json\/wp\/v2\/product"}],"about":[{"href":"https:\/\/rayt.com\/fr\/wp-json\/wp\/v2\/types\/product"}],"replies":[{"embeddable":true,"href":"https:\/\/rayt.com\/fr\/wp-json\/wp\/v2\/comments?post=2950"}],"wp:featuredmedia":[{"embeddable":true,"href":"https:\/\/rayt.com\/fr\/wp-json\/wp\/v2\/media\/2923"}],"wp:attachment":[{"href":"https:\/\/rayt.com\/fr\/wp-json\/wp\/v2\/media?parent=2950"}],"wp:term":[{"taxonomy":"product_cat","embeddable":true,"href":"https:\/\/rayt.com\/fr\/wp-json\/wp\/v2\/product_cat?post=2950"},{"taxonomy":"product_tag","embeddable":true,"href":"https:\/\/rayt.com\/fr\/wp-json\/wp\/v2\/product_tag?post=2950"}],"curies":[{"name":"wp","href":"https:\/\/api.w.org\/{rel}","templated":true}]}}