{"id":2959,"date":"2020-11-03T11:14:34","date_gmt":"2020-12-14T08:33:05","guid":{"rendered":"http:\/\/rayt.com\/?post_type=product&#038;p=2959"},"modified":"2021-02-19T15:41:26","modified_gmt":"2021-02-19T15:41:26","slug":"g-6663","status":"publish","type":"product","link":"https:\/\/rayt.com\/fr\/producto\/g-6663\/","title":{"rendered":"G-6663"},"content":{"rendered":"<p>ADH\u00c9SIF THERMOFUSIBLE \u00c0 TEMPS OUVERT LONG POUR LA FORMATION ET SC\u00c9LLAGE DE BO\u00ceTES CARTON.<br \/>\nAdh\u00e9sif appropri\u00e9 pour former et sceller des \u00e9tuis, plateaux, bo\u00eetes, etc. dans les machines automatiques. Convient pour les cartons avec ou sans traitement.<\/p>\n<h4>CARACTERISTIQUES<\/h4>\n<p>Utilisez toute l\u0092ann\u00e9e dans des conditions environnementales non extr\u00eames.<br \/>\nBonne r\u00e9sistance \u00e0 la chaleur et tr\u00e8s bonne r\u00e9sistance au froid.<br \/>\nTr\u00e8s appropri\u00e9 pour les mat\u00e9riaux difficiles.<br \/>\nTemp\u00e9rature d&rsquo;application: 150-180\u00baC.<br \/>\nHot-melt rapide d&rsquo;usage g\u00e9n\u00e9ral.<br \/>\nTemps de s\u00e9chage moyen.<br \/>\nPour cartons trait\u00e9s.<br \/>\nConforme FDA 175.105 pour contact alimentaire indirect.<\/p>\n","protected":false},"excerpt":{"rendered":"<p>ADH\u00c9SIF THERMOFUSIBLE \u00c0 TEMPS OUVERT LONG POUR LA FORMATION ET<\/p>\n","protected":false},"featured_media":2841,"comment_status":"open","ping_status":"closed","template":"","meta":{"_acf_changed":false},"product_cat":[1013,1791,1091,978,981,665,747,999,995,680,671,656,677,662,994,1085,674,683,659,668,1782,1777,1774,1707,1673,1650,1649,1648,1647,1645,1643,1590,1296,1283,602,975,1010,653],"product_tag":[],"acf":[],"_links":{"self":[{"href":"https:\/\/rayt.com\/fr\/wp-json\/wp\/v2\/product\/2959"}],"collection":[{"href":"https:\/\/rayt.com\/fr\/wp-json\/wp\/v2\/product"}],"about":[{"href":"https:\/\/rayt.com\/fr\/wp-json\/wp\/v2\/types\/product"}],"replies":[{"embeddable":true,"href":"https:\/\/rayt.com\/fr\/wp-json\/wp\/v2\/comments?post=2959"}],"wp:featuredmedia":[{"embeddable":true,"href":"https:\/\/rayt.com\/fr\/wp-json\/wp\/v2\/media\/2841"}],"wp:attachment":[{"href":"https:\/\/rayt.com\/fr\/wp-json\/wp\/v2\/media?parent=2959"}],"wp:term":[{"taxonomy":"product_cat","embeddable":true,"href":"https:\/\/rayt.com\/fr\/wp-json\/wp\/v2\/product_cat?post=2959"},{"taxonomy":"product_tag","embeddable":true,"href":"https:\/\/rayt.com\/fr\/wp-json\/wp\/v2\/product_tag?post=2959"}],"curies":[{"name":"wp","href":"https:\/\/api.w.org\/{rel}","templated":true}]}}