{"id":2968,"date":"2020-11-03T11:17:30","date_gmt":"2020-12-14T08:42:12","guid":{"rendered":"http:\/\/rayt.com\/?post_type=product&#038;p=2968"},"modified":"2021-02-18T11:34:58","modified_gmt":"2021-02-18T11:34:58","slug":"g-6665-rc","status":"publish","type":"product","link":"https:\/\/rayt.com\/fr\/producto\/g-6665-rc\/","title":{"rendered":"G-6665-RC"},"content":{"rendered":"<p>HOT-MELT TR\u00c8S RAPIDE POUR LA FORMATION ET FERMETURE DE BO\u00ceTES EN CARTON DANS R\u00c9GIONS CHAUDES.<br \/>\nAdh\u00e9sif adapt\u00e9 pour former et sceller les bo\u00eetes dans des machines automatiques. Convient particuli\u00e8rement pour les syst\u00e8mes \u00abwrap-around\u00bb qui, par leur nature ou par le type d&#8217;emballage requis collage rapide.<\/p>\n<h4>CARACTERISTIQUES<\/h4>\n<p>Sp\u00e9cialement appropri\u00e9 pour les applications o\u00f9 une tr\u00e8s bonne r\u00e9sistance \u00e0 la temp\u00e9rature est n\u00e9cessaire pendant ou apr\u00e8s le collage d&#8217;emballage (emballage de carreaux, jus de fruits, vin, etc.)<br \/>\nAppropri\u00e9 pour la formation de bo\u00eetes dans des machines \u0093wrap-around\u0094 quand un s\u00e9chage rapide est n\u00e9cessaire.<br \/>\nFormation et fermeture de \u00e9tuis et bo\u00eetes dans les machines automatiques.<br \/>\nTemp\u00e9rature d&rsquo;application: 160-180\u00baC.<br \/>\nFaible viscosit\u00e9.<br \/>\nConforme FDA 175.105 pour contact alimentaire indirect.<\/p>\n","protected":false},"excerpt":{"rendered":"<p>HOT-MELT TR\u00c8S RAPIDE POUR LA FORMATION ET FERMETURE DE BO\u00ceTES<\/p>\n","protected":false},"featured_media":2841,"comment_status":"open","ping_status":"closed","template":"","meta":{"_acf_changed":false},"product_cat":[1013,1791,1091,978,981,747,999,680,656,677,1085,683,659,1283,1296,1590,1649,1650,1673,1707,1777,1782,602,975,1010,653],"product_tag":[],"acf":[],"_links":{"self":[{"href":"https:\/\/rayt.com\/fr\/wp-json\/wp\/v2\/product\/2968"}],"collection":[{"href":"https:\/\/rayt.com\/fr\/wp-json\/wp\/v2\/product"}],"about":[{"href":"https:\/\/rayt.com\/fr\/wp-json\/wp\/v2\/types\/product"}],"replies":[{"embeddable":true,"href":"https:\/\/rayt.com\/fr\/wp-json\/wp\/v2\/comments?post=2968"}],"wp:featuredmedia":[{"embeddable":true,"href":"https:\/\/rayt.com\/fr\/wp-json\/wp\/v2\/media\/2841"}],"wp:attachment":[{"href":"https:\/\/rayt.com\/fr\/wp-json\/wp\/v2\/media?parent=2968"}],"wp:term":[{"taxonomy":"product_cat","embeddable":true,"href":"https:\/\/rayt.com\/fr\/wp-json\/wp\/v2\/product_cat?post=2968"},{"taxonomy":"product_tag","embeddable":true,"href":"https:\/\/rayt.com\/fr\/wp-json\/wp\/v2\/product_tag?post=2968"}],"curies":[{"name":"wp","href":"https:\/\/api.w.org\/{rel}","templated":true}]}}