{"id":2971,"date":"2020-11-04T09:33:22","date_gmt":"2020-12-14T08:51:37","guid":{"rendered":"http:\/\/rayt.com\/?post_type=product&#038;p=2971"},"modified":"2021-02-19T15:42:58","modified_gmt":"2021-02-19T15:42:58","slug":"g-6673","status":"publish","type":"product","link":"https:\/\/rayt.com\/fr\/producto\/g-6673\/","title":{"rendered":"G-6673"},"content":{"rendered":"<p>HOT-MELT FLEXIBLE AVEC LONG TEMPS OUVERT POUR \u00c9TUIS.<br \/>\nAdh\u00e9sif pour la fermeture de bo\u00eetes et \u00e9tuis. Bien adapt\u00e9 pour le collage de substrats difficiles avec une bonne r\u00e9sistance aux basses temp\u00e9ratures, m\u00eame congel\u00e9s.<\/p>\n<h4>CARACTERISTIQUES<\/h4>\n<p>Conserve la union adh\u00e9sive jusqu&rsquo;\u00e0 la temp\u00e9rature de -10\u00b0C.<br \/>\nFermeture de bo\u00eetes et \u00e9tuis destin\u00e9s \u00e0 la cong\u00e9lation.<br \/>\nTemp\u00e9rature d&rsquo;application: 150-180\u00baC.<br \/>\nFaible viscosit\u00e9.<br \/>\nConforme FDA 175.105 pour contact alimentaire indirect.<\/p>\n","protected":false},"excerpt":{"rendered":"<p>HOT-MELT FLEXIBLE AVEC LONG TEMPS OUVERT POUR \u00c9TUIS. Adh\u00e9sif pour<\/p>\n","protected":false},"featured_media":2904,"comment_status":"open","ping_status":"closed","template":"","meta":{"_acf_changed":false},"product_cat":[978,981,747,995,996,994,1673,1707,1774,1776,602,975],"product_tag":[],"acf":[],"_links":{"self":[{"href":"https:\/\/rayt.com\/fr\/wp-json\/wp\/v2\/product\/2971"}],"collection":[{"href":"https:\/\/rayt.com\/fr\/wp-json\/wp\/v2\/product"}],"about":[{"href":"https:\/\/rayt.com\/fr\/wp-json\/wp\/v2\/types\/product"}],"replies":[{"embeddable":true,"href":"https:\/\/rayt.com\/fr\/wp-json\/wp\/v2\/comments?post=2971"}],"wp:featuredmedia":[{"embeddable":true,"href":"https:\/\/rayt.com\/fr\/wp-json\/wp\/v2\/media\/2904"}],"wp:attachment":[{"href":"https:\/\/rayt.com\/fr\/wp-json\/wp\/v2\/media?parent=2971"}],"wp:term":[{"taxonomy":"product_cat","embeddable":true,"href":"https:\/\/rayt.com\/fr\/wp-json\/wp\/v2\/product_cat?post=2971"},{"taxonomy":"product_tag","embeddable":true,"href":"https:\/\/rayt.com\/fr\/wp-json\/wp\/v2\/product_tag?post=2971"}],"curies":[{"name":"wp","href":"https:\/\/api.w.org\/{rel}","templated":true}]}}