{"id":2976,"date":"2020-10-28T09:02:15","date_gmt":"2020-12-14T09:09:45","guid":{"rendered":"http:\/\/rayt.com\/?post_type=product&#038;p=2976"},"modified":"2021-02-12T08:02:38","modified_gmt":"2021-02-12T08:02:38","slug":"g-1801-tx","status":"publish","type":"product","link":"https:\/\/rayt.com\/fr\/producto\/g-1801-tx\/","title":{"rendered":"G-1801-TX"},"content":{"rendered":"<div id=\"description_content\" class=\"rte align_justify\">\n<div id=\"description_content\" class=\"rte align_justify\">\n<p>ADH\u00c9SIF EN DISPERSION AQUEUSE POUR CONSOLIDATION TEXTILE.<\/p>\n<\/div>\n<div id=\"description_content\" class=\"rte align_justify\">\n<p>Adh\u00e9sif appropri\u00e9 pour \u00eatre utilis\u00e9 comme consolidation pour des mat\u00e9riaux textiles.<br \/>\nLe produit a un film transparent, dur, non collant.<\/p>\n<\/div>\n<\/div>\n<h4>CARACTERISTIQUES<\/h4>\n<p>Un film sec transparent, dur et non collant.<br \/>\nAppr\u00eat pour fibres textiles.<br \/>\nMoyenne viscosit\u00e9.<\/p>\n","protected":false},"excerpt":{"rendered":"<p>ADH\u00c9SIF EN DISPERSION AQUEUSE POUR CONSOLIDATION TEXTILE. Adh\u00e9sif appropri\u00e9 pour<\/p>\n","protected":false},"featured_media":2979,"comment_status":"open","ping_status":"closed","template":"","meta":{"_acf_changed":false},"product_cat":[1309,810,774,602,777],"product_tag":[],"acf":[],"_links":{"self":[{"href":"https:\/\/rayt.com\/fr\/wp-json\/wp\/v2\/product\/2976"}],"collection":[{"href":"https:\/\/rayt.com\/fr\/wp-json\/wp\/v2\/product"}],"about":[{"href":"https:\/\/rayt.com\/fr\/wp-json\/wp\/v2\/types\/product"}],"replies":[{"embeddable":true,"href":"https:\/\/rayt.com\/fr\/wp-json\/wp\/v2\/comments?post=2976"}],"wp:featuredmedia":[{"embeddable":true,"href":"https:\/\/rayt.com\/fr\/wp-json\/wp\/v2\/media\/2979"}],"wp:attachment":[{"href":"https:\/\/rayt.com\/fr\/wp-json\/wp\/v2\/media?parent=2976"}],"wp:term":[{"taxonomy":"product_cat","embeddable":true,"href":"https:\/\/rayt.com\/fr\/wp-json\/wp\/v2\/product_cat?post=2976"},{"taxonomy":"product_tag","embeddable":true,"href":"https:\/\/rayt.com\/fr\/wp-json\/wp\/v2\/product_tag?post=2976"}],"curies":[{"name":"wp","href":"https:\/\/api.w.org\/{rel}","templated":true}]}}