{"id":2986,"date":"2020-10-28T09:06:01","date_gmt":"2020-12-14T09:09:34","guid":{"rendered":"http:\/\/rayt.com\/?post_type=product&#038;p=2986"},"modified":"2021-02-12T08:04:39","modified_gmt":"2021-02-12T08:04:39","slug":"t-1306-bo","status":"publish","type":"product","link":"https:\/\/rayt.com\/fr\/producto\/t-1306-bo\/","title":{"rendered":"T-1306-BO"},"content":{"rendered":"<div id=\"description_content\" class=\"rte align_justify\">\n<div id=\"description_content\" class=\"rte align_justify\">\n<div id=\"description_content\" class=\"rte align_justify\">\n<p>ADH\u00c9SIF EN DISPERSION AQUEUSE \u00c0 BASE DE POLYM\u00c8RES SYNTH\u00c9TIQUES.<\/p>\n<\/div>\n<div id=\"description_content\" class=\"rte align_justify\">\n<p>Produit particuli\u00e8rement adapt\u00e9 pour l&rsquo;encollage des fibres textiles. Il est caract\u00e9ris\u00e9e par une grande puissance de liaison.<\/p>\n<\/div>\n<\/div>\n<\/div>\n<h4>CARACTERISTIQUES<\/h4>\n<p>Appr\u00eat pour fibres textiles.<br \/>\nPouvoir liant \u00e9lev\u00e9.<br \/>\nViscosit\u00e9 \u00e9lev\u00e9e.<\/p>\n","protected":false},"excerpt":{"rendered":"<p>ADH\u00c9SIF EN DISPERSION AQUEUSE \u00c0 BASE DE POLYM\u00c8RES SYNTH\u00c9TIQUES. Produit<\/p>\n","protected":false},"featured_media":2988,"comment_status":"open","ping_status":"closed","template":"","meta":{"_acf_changed":false},"product_cat":[1309,810,774,602,777],"product_tag":[],"acf":[],"_links":{"self":[{"href":"https:\/\/rayt.com\/fr\/wp-json\/wp\/v2\/product\/2986"}],"collection":[{"href":"https:\/\/rayt.com\/fr\/wp-json\/wp\/v2\/product"}],"about":[{"href":"https:\/\/rayt.com\/fr\/wp-json\/wp\/v2\/types\/product"}],"replies":[{"embeddable":true,"href":"https:\/\/rayt.com\/fr\/wp-json\/wp\/v2\/comments?post=2986"}],"wp:featuredmedia":[{"embeddable":true,"href":"https:\/\/rayt.com\/fr\/wp-json\/wp\/v2\/media\/2988"}],"wp:attachment":[{"href":"https:\/\/rayt.com\/fr\/wp-json\/wp\/v2\/media?parent=2986"}],"wp:term":[{"taxonomy":"product_cat","embeddable":true,"href":"https:\/\/rayt.com\/fr\/wp-json\/wp\/v2\/product_cat?post=2986"},{"taxonomy":"product_tag","embeddable":true,"href":"https:\/\/rayt.com\/fr\/wp-json\/wp\/v2\/product_tag?post=2986"}],"curies":[{"name":"wp","href":"https:\/\/api.w.org\/{rel}","templated":true}]}}